{"id":82,"date":"2022-03-16T21:07:19","date_gmt":"2022-03-17T01:07:19","guid":{"rendered":"https:\/\/cesctechsupport.com\/?page_id=82"},"modified":"2025-07-02T13:07:37","modified_gmt":"2025-07-02T18:07:37","slug":"home-main","status":"publish","type":"page","link":"https:\/\/cesctechsupport.com\/es\/","title":{"rendered":"Hogar"},"content":{"rendered":"<div style=\"height:19px\" aria-hidden=\"true\" class=\"wp-block-spacer\"><\/div>\n\n\n\n<h2 class=\"wp-block-heading has-text-align-center has-custom-weight has-custom-lineheight\" style=\"line-height:1;font-weight:normal;font-size:40px\">BIENVENIDO A LA EMPRESA TRANSPORTADORA<\/h2>\n\n\n\n<h2 class=\"wp-block-heading has-text-align-center has-custom-weight has-custom-lineheight\" style=\"line-height:1;font-weight:normal;font-size:40px\">SITIO DE SOPORTE T\u00c9CNICO<\/h2>\n\n\n\n<div class=\"wp-block-columns is-layout-flex wp-container-core-columns-is-layout-28f84493 wp-block-columns-is-layout-flex\">\n<div class=\"wp-block-column is-layout-flow wp-block-column-is-layout-flow\"><\/div>\n<\/div>\n\n\n\n<div class=\"wp-block-columns is-layout-flex wp-container-core-columns-is-layout-28f84493 wp-block-columns-is-layout-flex\">\n<div class=\"wp-block-column is-layout-flow wp-block-column-is-layout-flow\" style=\"flex-basis:100%\">\n<div class=\"wp-block-columns is-layout-flex wp-container-core-columns-is-layout-28f84493 wp-block-columns-is-layout-flex\">\n<div class=\"wp-block-column is-layout-flow wp-block-column-is-layout-flow\" style=\"flex-basis:100%\">\n<div class=\"wp-block-columns is-layout-flex wp-container-core-columns-is-layout-28f84493 wp-block-columns-is-layout-flex\">\n<div class=\"wp-block-column is-vertically-aligned-center is-layout-flow wp-block-column-is-layout-flow\">\n<figure class=\"wp-block-image aligncenter size-large is-resized\"><a href=\"https:\/\/www.carrier.com\/carrier\/en\/worldwide\/\" target=\"_blank\" rel=\"noreferrer noopener\"><img loading=\"lazy\" decoding=\"async\" width=\"1024\" height=\"579\" src=\"https:\/\/cesctechsupport.com\/wp-content\/uploads\/2022\/08\/carrier_experts_logo_rgb-1024x579.jpg\" alt=\"\" class=\"wp-image-3880\" style=\"width:150px;height:85px\" srcset=\"https:\/\/cesctechsupport.com\/wp-content\/uploads\/2022\/08\/carrier_experts_logo_rgb-1024x579.jpg 1024w, https:\/\/cesctechsupport.com\/wp-content\/uploads\/2022\/08\/carrier_experts_logo_rgb-300x170.jpg 300w, https:\/\/cesctechsupport.com\/wp-content\/uploads\/2022\/08\/carrier_experts_logo_rgb-768x434.jpg 768w, https:\/\/cesctechsupport.com\/wp-content\/uploads\/2022\/08\/carrier_experts_logo_rgb-600x339.jpg 600w, https:\/\/cesctechsupport.com\/wp-content\/uploads\/2022\/08\/carrier_experts_logo_rgb.jpg 1205w\" sizes=\"auto, (max-width: 1024px) 100vw, 1024px\" \/><\/a><\/figure>\n<\/div>\n\n\n\n<div class=\"wp-block-column is-vertically-aligned-bottom is-layout-flow wp-block-column-is-layout-flow\">\n<figure class=\"wp-block-image aligncenter size-full is-resized\"><img loading=\"lazy\" decoding=\"async\" width=\"831\" height=\"841\" src=\"https:\/\/cesctechsupport.com\/wp-content\/uploads\/2024\/03\/Logo8-Updated-03-24.png\" alt=\"\" class=\"wp-image-56141\" style=\"width:284px;height:277px\" srcset=\"https:\/\/cesctechsupport.com\/wp-content\/uploads\/2024\/03\/Logo8-Updated-03-24.png 831w, https:\/\/cesctechsupport.com\/wp-content\/uploads\/2024\/03\/Logo8-Updated-03-24-296x300.png 296w, https:\/\/cesctechsupport.com\/wp-content\/uploads\/2024\/03\/Logo8-Updated-03-24-768x777.png 768w, https:\/\/cesctechsupport.com\/wp-content\/uploads\/2024\/03\/Logo8-Updated-03-24-12x12.png 12w, https:\/\/cesctechsupport.com\/wp-content\/uploads\/2024\/03\/Logo8-Updated-03-24-600x607.png 600w, https:\/\/cesctechsupport.com\/wp-content\/uploads\/2024\/03\/Logo8-Updated-03-24-100x100.png 100w\" sizes=\"auto, (max-width: 831px) 100vw, 831px\" \/><\/figure>\n<\/div>\n\n\n\n<div class=\"wp-block-column is-vertically-aligned-center is-layout-flow wp-block-column-is-layout-flow\">\n<figure class=\"wp-block-image aligncenter size-full is-resized\"><a href=\"https:\/\/www.bryant.com\/en\/us\/\" target=\"_blank\" rel=\"noreferrer noopener\"><img loading=\"lazy\" decoding=\"async\" width=\"1006\" height=\"533\" src=\"https:\/\/cesctechsupport.com\/wp-content\/uploads\/2022\/08\/Full_color_thumb.jpg\" alt=\"\" class=\"wp-image-3881\" style=\"width:150px;height:undefinedpx\" srcset=\"https:\/\/cesctechsupport.com\/wp-content\/uploads\/2022\/08\/Full_color_thumb.jpg 1006w, https:\/\/cesctechsupport.com\/wp-content\/uploads\/2022\/08\/Full_color_thumb-300x159.jpg 300w, https:\/\/cesctechsupport.com\/wp-content\/uploads\/2022\/08\/Full_color_thumb-768x407.jpg 768w, https:\/\/cesctechsupport.com\/wp-content\/uploads\/2022\/08\/Full_color_thumb-600x318.jpg 600w\" sizes=\"auto, (max-width: 1006px) 100vw, 1006px\" \/><\/a><\/figure>\n<\/div>\n<\/div>\n<\/div>\n<\/div>\n<\/div>\n<\/div>\n\n\n\n<p class=\"has-text-align-center\">Bienvenido al sitio t\u00e9cnico de Carrier Enterprise, creado por t\u00e9cnicos de HVAC para t\u00e9cnicos de HVAC.<br>Nuestro objetivo es ayudar a los t\u00e9cnicos de HVAC de hoy a comprender mejor la instalaci\u00f3n, el funcionamiento y el mantenimiento de los equipos Carrier, Bryant y Payne. A medida que los productos contin\u00faan siendo mejorados con mejoras y avances tecnol\u00f3gicos que se incorporan a los equipos.<\/p>\n\n\n\n<p class=\"has-text-align-center\">Comenzamos brindando instrucci\u00f3n de primera clase a cada t\u00e9cnico que asiste a nuestra capacitaci\u00f3n. Nuestro objetivo es mejorar el nivel de conocimiento de cada t\u00e9cnico en los fundamentos de HVAC, as\u00ed como en las \u00e1reas de equipos Carrier, Bryant y Payne. Como resultado, aumentar\u00e1 la eficiencia de la instalaci\u00f3n y la resoluci\u00f3n de problemas, lo que aumentar\u00e1 la rentabilidad de su t\u00e9cnico. Ya sea en nuestras salas de capacitaci\u00f3n o utilizando nuestra nueva aula web virtual, sus t\u00e9cnicos recibir\u00e1n una educaci\u00f3n insuperable.<\/p>\n\n\n\n<p class=\"has-text-align-center\">Todos los cursos de capacitaci\u00f3n t\u00e9cnica presenciales, de Zoom y de autoaprendizaje son elegibles para las horas de educaci\u00f3n continua de NATE.<\/p>\n\n\n\n<div class=\"inherit-container-width wp-block-group is-layout-constrained wp-block-group-is-layout-constrained\"><div class=\"wp-block-group__inner-container\">\n<hr class=\"wp-block-separator has-text-color has-black-color has-css-opacity has-black-background-color has-background is-style-default\"\/>\n\n\n\n<h2 class=\"wp-block-heading has-text-align-center has-ast-global-color-0-color has-text-color\" id=\"meet-the-team\"><strong><a href=\"https:\/\/cesctechsupport.com\/es\/meet-the-team\/\">Conocer al equipo<\/a><\/strong><\/h2>\n\n\n\n<hr class=\"wp-block-separator has-text-color has-black-color has-css-opacity has-black-background-color has-background\"\/>\n\n\n\n<h1 class=\"wp-block-heading has-text-align-center\" id=\"new-request-video-technical-support-with-your-ce-app\"><mark style=\"background-color:rgba(0, 0, 0, 0)\" class=\"has-inline-color has-vivid-red-color\"><strong>NUEVO<\/strong><\/mark> <mark style=\"background-color:rgba(0, 0, 0, 0)\" class=\"has-inline-color has-black-color\">Solicite soporte t\u00e9cnico de video con su aplicaci\u00f3n CE<\/mark><\/h1>\n\n\n\n<p><mark style=\"background-color:rgba(0, 0, 0, 0)\" class=\"has-inline-color has-black-color\">NUEVO dentro de la aplicaci\u00f3n CE es la asistencia t\u00e9cnica en video, que permite a los t\u00e9cnicos mostrarle a un Gerente de Garant\u00eda del Cliente lo que ven o el CAM para ayudar a guiar al t\u00e9cnico a donde debe estar, usando la c\u00e1mara del dispositivo m\u00f3vil. Descargue la aplicaci\u00f3n CE - Contractor Assist hoy para solicitar soporte t\u00e9cnico de video. Una vez que haya iniciado sesi\u00f3n, env\u00ede una solicitud de asistencia t\u00e9cnica de video. Si no tiene un inicio de sesi\u00f3n, p\u00f3ngase en contacto con el administrador de su empresa y p\u00eddale que lo agregue al perfil de la empresa. <\/mark><mark style=\"background-color:rgba(0, 0, 0, 0)\" class=\"has-inline-color has-vivid-red-color\"><a href=\"http:\/\/ce.carrierenterprise.com\/website-tutorials\" target=\"_blank\" rel=\"noreferrer noopener\">agregar un asociado a la aplicaci\u00f3n CE<\/a>.<\/mark><mark style=\"background-color:rgba(0, 0, 0, 0)\" class=\"has-inline-color has-black-color\">  Una garant\u00eda para el cliente<\/mark> <mark style=\"background-color:rgba(0, 0, 0, 0)\" class=\"has-inline-color has-black-color\">El administrador le devolver\u00e1 la llamada tan pronto como sea posible para ayudarlo a solucionar el problema. Es posible que el video no sea necesario en todas las solicitudes.  <\/mark><\/p>\n\n\n\n<div class=\"wp-block-columns is-layout-flex wp-container-core-columns-is-layout-28f84493 wp-block-columns-is-layout-flex\">\n<div class=\"wp-block-column is-layout-flow wp-block-column-is-layout-flow\" style=\"flex-basis:100%\">\n<div class=\"wp-block-columns is-layout-flex wp-container-core-columns-is-layout-28f84493 wp-block-columns-is-layout-flex\">\n<div class=\"wp-block-column is-layout-flow wp-block-column-is-layout-flow\">\n<figure class=\"wp-block-image aligncenter size-full is-resized size-large\"><a href=\"http:\/\/apps.apple.com\/us\/app\/ce-hvac-contractor-assist\/id512637219?itsct=apps_box_link&amp;itscg=30200\"><img loading=\"lazy\" decoding=\"async\" width=\"499\" height=\"167\" src=\"https:\/\/cesctechsupport.com\/wp-content\/uploads\/2022\/03\/apple-black.png\" alt=\"\" class=\"wp-image-449\" style=\"width:181px;height:60px\" srcset=\"https:\/\/cesctechsupport.com\/wp-content\/uploads\/2022\/03\/apple-black.png 499w, https:\/\/cesctechsupport.com\/wp-content\/uploads\/2022\/03\/apple-black-300x100.png 300w\" sizes=\"auto, (max-width: 499px) 100vw, 499px\" \/><\/a><\/figure>\n<\/div>\n\n\n\n<div class=\"wp-block-column is-layout-flow wp-block-column-is-layout-flow\">\n<figure class=\"wp-block-image aligncenter size-full is-resized size-large\"><a href=\"http:\/\/play.google.com\/store\/apps\/details?id=com.es.CE\"><img loading=\"lazy\" decoding=\"async\" width=\"153\" height=\"46\" src=\"https:\/\/cesctechsupport.com\/wp-content\/uploads\/2022\/03\/Google.png\" alt=\"\" class=\"wp-image-451\" style=\"width:213px;height:64px\" srcset=\"https:\/\/cesctechsupport.com\/wp-content\/uploads\/2022\/03\/Google.png 153w, https:\/\/cesctechsupport.com\/wp-content\/uploads\/2022\/03\/Google-150x46.png 150w\" sizes=\"auto, (max-width: 153px) 100vw, 153px\" \/><\/a><\/figure>\n<\/div>\n<\/div>\n<\/div>\n<\/div>\n\n\n\n<div class=\"wp-block-columns is-layout-flex wp-container-core-columns-is-layout-28f84493 wp-block-columns-is-layout-flex\">\n<div class=\"wp-block-column is-layout-flow wp-block-column-is-layout-flow\">\n<figure class=\"wp-block-image aligncenter size-full is-resized\"><a href=\"https:\/\/vimeo.com\/manage\/videos\/616416593\/ecc7e64d23\" target=\"_blank\" rel=\"noreferrer noopener\"><img loading=\"lazy\" decoding=\"async\" width=\"781\" height=\"301\" src=\"https:\/\/cesctechsupport.com\/wp-content\/uploads\/2022\/05\/Wingman-Snippet.png\" alt=\"\" class=\"wp-image-2067\" style=\"width:507px;height:195px\" srcset=\"https:\/\/cesctechsupport.com\/wp-content\/uploads\/2022\/05\/Wingman-Snippet.png 781w, https:\/\/cesctechsupport.com\/wp-content\/uploads\/2022\/05\/Wingman-Snippet-300x116.png 300w, https:\/\/cesctechsupport.com\/wp-content\/uploads\/2022\/05\/Wingman-Snippet-768x296.png 768w, https:\/\/cesctechsupport.com\/wp-content\/uploads\/2022\/05\/Wingman-Snippet-600x231.png 600w\" sizes=\"auto, (max-width: 781px) 100vw, 781px\" \/><\/a><figcaption class=\"wp-element-caption\"><strong>Hacer clic<a href=\"https:\/\/vimeo.com\/manage\/videos\/616416593\/ecc7e64d23\"> aqu\u00ed<\/a> para ver un ejemplo de lo f\u00e1cil que puede ser usarlo y ahorrar un tiempo valioso en el campo.<\/strong><\/figcaption><\/figure>\n<\/div>\n\n\n\n<div class=\"wp-block-column is-layout-flow wp-block-column-is-layout-flow\">\n<h3 class=\"wp-block-heading\">\u00bfComo funciona?<\/h3>\n\n\n\n<ol class=\"wp-block-list\">\n<li>Iniciar sesi\u00f3n en su cuenta.<\/li>\n\n\n\n<li>Haga clic en el mosaico dedicado en la p\u00e1gina de destino de la aplicaci\u00f3n m\u00f3vil.<\/li>\n\n\n\n<li>Toque &quot;Solicitar video chat&quot; para abrir un nuevo caso de soporte.<\/li>\n\n\n\n<li>Complete la informaci\u00f3n relevante del producto, incluido el n\u00famero de modelo y c\u00f3mo podemos ayudarlo.<\/li>\n\n\n\n<li>Tambi\u00e9n puede agregar im\u00e1genes para referencia.<\/li>\n<\/ol>\n\n\n\n<p>A continuaci\u00f3n, uno de nuestros agentes t\u00e9cnicos expertos se pondr\u00e1 en contacto con usted lo antes posible.<\/p>\n<\/div>\n<\/div>\n\n\n\n<hr class=\"wp-block-separator has-text-color has-black-color has-css-opacity has-black-background-color has-background\"\/>\n\n\n\n<h1 class=\"wp-block-heading has-text-align-center\" id=\"for-ce-mid-atlantic-customers\">4 formas de comunicarse con nuestro equipo de soporte t\u00e9cnico<\/h1>\n\n\n\n<div class=\"wp-block-columns is-layout-flex wp-container-core-columns-is-layout-28f84493 wp-block-columns-is-layout-flex\">\n<div class=\"wp-block-column is-layout-flow wp-block-column-is-layout-flow\">\n<figure class=\"wp-block-image aligncenter size-full is-resized\"><img loading=\"lazy\" decoding=\"async\" width=\"222\" height=\"171\" src=\"https:\/\/cesctechsupport.com\/wp-content\/uploads\/2022\/06\/Best.png\" alt=\"\" class=\"wp-image-2700\" style=\"width:222px;height:171px\"\/><\/figure>\n\n\n\n<div style=\"height:1px\" aria-hidden=\"true\" class=\"wp-block-spacer\"><\/div>\n\n\n\n<h3 class=\"wp-block-heading has-text-align-center has-medium-font-size\"><strong>Solicitud de soporte t\u00e9cnico m\u00f3vil<\/strong> <strong>a trav\u00e9s de la aplicaci\u00f3n Wingman<\/strong><\/h3>\n\n\n\n<p class=\"has-text-align-center has-ast-global-color-0-color has-text-color has-medium-font-size\">1 \u2013 <strong>M\u00e1s eficiente y eficaz<\/strong><\/p>\n\n\n\n<div style=\"height:0px\" aria-hidden=\"true\" class=\"wp-block-spacer\"><\/div>\n\n\n\n<p class=\"has-text-align-center\"><strong>Alcanza hasta 7 repeticiones&nbsp;<\/strong><\/p>\n\n\n\n<p class=\"has-text-align-center\"><small><strong>Si necesitamos hablar con usted a trav\u00e9s de una llamada telef\u00f3nica, le enviaremos un mensaje para que llame. Si su empresa no califica para la asistencia telef\u00f3nica gratuita, deber\u00e1 pagar una tarifa de $75 cuando realice la llamada. Si podemos ayudarlo por mensaje de texto o correo electr\u00f3nico, no hay cargo.<\/strong><\/small><\/p>\n<\/div>\n\n\n\n<div class=\"wp-block-column is-layout-flow wp-block-column-is-layout-flow\">\n<figure class=\"wp-block-image aligncenter size-full is-resized\"><img loading=\"lazy\" decoding=\"async\" width=\"215\" height=\"168\" src=\"https:\/\/cesctechsupport.com\/wp-content\/uploads\/2022\/06\/Better.png\" alt=\"\" class=\"wp-image-2701\" style=\"width:215px;height:168px\"\/><\/figure>\n\n\n\n<div style=\"height:1px\" aria-hidden=\"true\" class=\"wp-block-spacer\"><\/div>\n\n\n\n<div class=\"wp-block-buttons is-content-justification-center is-layout-flex wp-container-core-buttons-is-layout-a89b3969 wp-block-buttons-is-layout-flex\">\n<div class=\"wp-block-button\"><a class=\"wp-block-button__link wp-element-button\" href=\"https:\/\/cesctechsupport.com\/es\/technical-support-request\/\" target=\"_blank\" rel=\"noreferrer noopener\"><strong>Soporte t\u00e9cnico por correo electr\u00f3nico<\/strong><\/a><\/div>\n<\/div>\n\n\n\n<div style=\"height:1px\" aria-hidden=\"true\" class=\"wp-block-spacer\"><\/div>\n\n\n\n<p class=\"has-text-align-center has-ast-global-color-0-color has-text-color has-medium-font-size\">2 \u2013 <strong>Eficiente al compartir archivos\/datos<\/strong><\/p>\n\n\n\n<p class=\"has-text-align-center\" style=\"font-size:15px\"><strong>Alcanza hasta 7 repeticiones&nbsp;<\/strong><\/p>\n\n\n\n<p class=\"has-text-align-center\"><small><strong>Si necesitamos hablar con usted a trav\u00e9s de una llamada telef\u00f3nica, le enviaremos un mensaje para que llame. Si su empresa no califica para la asistencia telef\u00f3nica gratuita, deber\u00e1 pagar una tarifa de $75 cuando realice la llamada. Si podemos ayudarlo por mensaje de texto o correo electr\u00f3nico, no hay cargo.<\/strong><\/small><\/p>\n<\/div>\n\n\n\n<div class=\"wp-block-column is-layout-flow wp-block-column-is-layout-flow\">\n<figure class=\"wp-block-image aligncenter size-full\"><img loading=\"lazy\" decoding=\"async\" width=\"220\" height=\"168\" src=\"https:\/\/cesctechsupport.com\/wp-content\/uploads\/2022\/06\/Good.png\" alt=\"\" class=\"wp-image-2702\"\/><\/figure>\n\n\n\n<div style=\"height:3px\" aria-hidden=\"true\" class=\"wp-block-spacer\"><\/div>\n\n\n\n<h3 class=\"wp-block-heading has-text-align-center has-ast-global-color-0-color has-text-color\"><strong>Llamar<\/strong><\/h3>\n\n\n\n<div style=\"height:2px\" aria-hidden=\"true\" class=\"wp-block-spacer\"><\/div>\n\n\n\n<p class=\"has-text-align-center has-ast-global-color-0-color has-text-color has-medium-font-size\"><\/p>\n\n\n\n<p class=\"has-text-align-center\" style=\"font-size:15px\"><strong>M\u00e1s lento debido al alto volumen de llamadas<\/strong>&nbsp;<\/p>\n\n\n\n<div style=\"height:11px\" aria-hidden=\"true\" class=\"wp-block-spacer\"><\/div>\n\n\n\n<p class=\"has-text-align-center\"><small><strong>Tendr\u00e1 que pagar una tarifa de $75 en el momento de la llamada si su empresa no califica para soporte telef\u00f3nico gratuito.<\/strong><\/small><\/p>\n<\/div>\n<\/div>\n\n\n\n<hr class=\"wp-block-separator has-text-color has-black-color has-css-opacity has-black-background-color has-background\"\/>\n\n\n\n<h1 class=\"wp-block-heading has-text-align-center\" id=\"need-technical-support-click-here\"><a href=\"http:\/\/cesctechsupport.com\/es\/technical-support-request\/\"><mark style=\"background-color:rgba(0, 0, 0, 0);color:#cf2e2e\" class=\"has-inline-color\">\u00bfNecesita soporte t\u00e9cnico? haga clic aqu\u00ed<\/mark><\/a><\/h1>\n\n\n\n<hr class=\"wp-block-separator has-text-color has-black-color has-css-opacity has-black-background-color has-background is-style-default\"\/>\n\n\n\n<p><\/p>\n<\/div><\/div>","protected":false},"excerpt":{"rendered":"<p>WELCOME TO THE CARRIER ENTERPRISE TECHNICAL SUPPORT SITE Welcome to Carrier Enterprise\u2019s Technical site, built by HVAC tech&#8217;s for HVAC tech&#8217;s.Our goal is to help todays HVAC Technician gain a better understanding in installation, operation and servicing of the Carrier, Bryant, and Payne equipment. As products continue to be enhanced with improvements and technology advancements [&hellip;]<\/p>\n","protected":false},"author":1,"featured_media":0,"parent":0,"menu_order":0,"comment_status":"closed","ping_status":"closed","template":"","meta":{"_coblocks_attr":"","_coblocks_dimensions":"","_coblocks_responsive_height":"","_coblocks_accordion_ie_support":"","_uag_custom_page_level_css":"","site-sidebar-layout":"right-sidebar","site-content-layout":"plain-container","ast-site-content-layout":"normal-width-container","site-content-style":"unboxed","site-sidebar-style":"unboxed","ast-global-header-display":"","ast-banner-title-visibility":"","ast-main-header-display":"","ast-hfb-above-header-display":"","ast-hfb-below-header-display":"","ast-hfb-mobile-header-display":"","site-post-title":"disabled","ast-breadcrumbs-content":"","ast-featured-img":"","footer-sml-layout":"","ast-disable-related-posts":"","theme-transparent-header-meta":"disabled","adv-header-id-meta":"","stick-header-meta":"","header-above-stick-meta":"","header-main-stick-meta":"","header-below-stick-meta":"","astra-migrate-meta-layouts":"set","ast-page-background-enabled":"default","ast-page-background-meta":{"desktop":{"background-color":"","background-image":"","background-repeat":"repeat","background-position":"center center","background-size":"auto","background-attachment":"scroll","background-type":"","background-media":"","overlay-type":"","overlay-color":"","overlay-opacity":"","overlay-gradient":""},"tablet":{"background-color":"","background-image":"","background-repeat":"repeat","background-position":"center center","background-size":"auto","background-attachment":"scroll","background-type":"","background-media":"","overlay-type":"","overlay-color":"","overlay-opacity":"","overlay-gradient":""},"mobile":{"background-color":"","background-image":"","background-repeat":"repeat","background-position":"center center","background-size":"auto","background-attachment":"scroll","background-type":"","background-media":"","overlay-type":"","overlay-color":"","overlay-opacity":"","overlay-gradient":""}},"ast-content-background-meta":{"desktop":{"background-color":"var(--ast-global-color-5)","background-image":"","background-repeat":"repeat","background-position":"center center","background-size":"auto","background-attachment":"scroll","background-type":"","background-media":"","overlay-type":"","overlay-color":"","overlay-opacity":"","overlay-gradient":""},"tablet":{"background-color":"var(--ast-global-color-5)","background-image":"","background-repeat":"repeat","background-position":"center center","background-size":"auto","background-attachment":"scroll","background-type":"","background-media":"","overlay-type":"","overlay-color":"","overlay-opacity":"","overlay-gradient":""},"mobile":{"background-color":"var(--ast-global-color-5)","background-image":"","background-repeat":"repeat","background-position":"center center","background-size":"auto","background-attachment":"scroll","background-type":"","background-media":"","overlay-type":"","overlay-color":"","overlay-opacity":"","overlay-gradient":""}},"footnotes":""},"class_list":["post-82","page","type-page","status-publish","hentry"],"uagb_featured_image_src":{"full":false,"thumbnail":false,"medium":false,"medium_large":false,"large":false,"1536x1536":false,"2048x2048":false,"trp-custom-language-flag":false},"uagb_author_info":{"display_name":"Josh Goodman","author_link":"https:\/\/cesctechsupport.com\/es\/author\/joshg\/"},"uagb_comment_info":0,"uagb_excerpt":"WELCOME TO THE CARRIER ENTERPRISE TECHNICAL SUPPORT SITE Welcome to Carrier Enterprise\u2019s Technical site, built by HVAC tech&#8217;s for HVAC tech&#8217;s.Our goal is to help todays HVAC Technician gain a better understanding in installation, operation and servicing of the Carrier, Bryant, and Payne equipment. As products continue to be enhanced with improvements and technology advancements&hellip;","_links":{"self":[{"href":"https:\/\/cesctechsupport.com\/es\/wp-json\/wp\/v2\/pages\/82","targetHints":{"allow":["GET"]}}],"collection":[{"href":"https:\/\/cesctechsupport.com\/es\/wp-json\/wp\/v2\/pages"}],"about":[{"href":"https:\/\/cesctechsupport.com\/es\/wp-json\/wp\/v2\/types\/page"}],"author":[{"embeddable":true,"href":"https:\/\/cesctechsupport.com\/es\/wp-json\/wp\/v2\/users\/1"}],"replies":[{"embeddable":true,"href":"https:\/\/cesctechsupport.com\/es\/wp-json\/wp\/v2\/comments?post=82"}],"version-history":[{"count":0,"href":"https:\/\/cesctechsupport.com\/es\/wp-json\/wp\/v2\/pages\/82\/revisions"}],"wp:attachment":[{"href":"https:\/\/cesctechsupport.com\/es\/wp-json\/wp\/v2\/media?parent=82"}],"curies":[{"name":"wp","href":"https:\/\/api.w.org\/{rel}","templated":true}]}}