{"id":51569,"date":"2023-11-09T10:47:00","date_gmt":"2023-11-09T16:47:00","guid":{"rendered":"https:\/\/cesctechsupport.com\/?page_id=51569"},"modified":"2024-07-07T07:45:47","modified_gmt":"2024-07-07T12:45:47","slug":"training-event-cancellation-policy","status":"publish","type":"page","link":"https:\/\/cesctechsupport.com\/es\/training-event-cancellation-policy\/","title":{"rendered":"Pol\u00edtica de cancelaci\u00f3n de eventos de capacitaci\u00f3n"},"content":{"rendered":"<p style=\"font-size:26px\"><strong>Cancelaci\u00f3n o cambios del evento de capacitaci\u00f3n<\/strong>:<\/p>\n\n\n\n<p style=\"font-size:16px\">Carrier Enterprise se reserva el derecho de cancelar o reprogramar una clase debido a<\/p>\n\n\n\n<ul class=\"wp-block-list\" style=\"font-size:15px\">\n<li>Clima<\/li>\n\n\n\n<li>Disponibilidad\/conflictos de instructores<\/li>\n\n\n\n<li>Inscripci\u00f3n m\u00ednima no cumplida <strong>(todas las clases requieren 10)<\/strong><\/li>\n<\/ul>\n\n\n\n<p style=\"font-size:16px\">El aviso de cancelaci\u00f3n y cambios de fechas, horarios o ubicaciones se enviar\u00e1 v\u00eda correo electr\u00f3nico 48 horas antes del evento.<\/p>\n\n\n\n<p class=\"has-custom-weight\" style=\"font-weight:bold;font-size:26px\">Pol\u00edtica de reprogramaci\u00f3n\/cancelaci\u00f3n de asistentes:<\/p>\n\n\n\n<p style=\"font-size:16px\">Las reprogramaciones\/cancelaciones de los asistentes deben enviarse por correo electr\u00f3nico a <a href=\"mailto:joe.sutterfield@carrierenterprise.com\" target=\"_blank\" rel=\"noreferrer noopener\">joe.sutterfield@carrierenterprise.com<\/a> antes de la fecha de clase.<\/p>","protected":false},"excerpt":{"rendered":"<p>Cancelaci\u00f3n o cambios del evento de capacitaci\u00f3n: Carrier Enterprise se reserva el derecho de cancelar o reprogramar una clase debido a que el aviso de cancelaci\u00f3n y los cambios en fechas, horarios o ubicaciones se enviar\u00e1n por correo electr\u00f3nico 48 horas antes del evento. Pol\u00edtica de reprogramaci\u00f3n\/cancelaci\u00f3n de asistentes: la reprogramaci\u00f3n\/cancelaciones de asistentes deben enviarse por correo electr\u00f3nico a joe.sutterfield@carrierenterprise.com antes de la fecha de la clase.<\/p>","protected":false},"author":34,"featured_media":0,"parent":0,"menu_order":0,"comment_status":"closed","ping_status":"closed","template":"","meta":{"_coblocks_attr":"","_coblocks_dimensions":"","_coblocks_responsive_height":"","_coblocks_accordion_ie_support":"","_uag_custom_page_level_css":"","site-sidebar-layout":"default","site-content-layout":"","ast-site-content-layout":"default","site-content-style":"default","site-sidebar-style":"default","ast-global-header-display":"","ast-banner-title-visibility":"","ast-main-header-display":"","ast-hfb-above-header-display":"","ast-hfb-below-header-display":"","ast-hfb-mobile-header-display":"","site-post-title":"","ast-breadcrumbs-content":"","ast-featured-img":"","footer-sml-layout":"","ast-disable-related-posts":"","theme-transparent-header-meta":"","adv-header-id-meta":"","stick-header-meta":"","header-above-stick-meta":"","header-main-stick-meta":"","header-below-stick-meta":"","astra-migrate-meta-layouts":"set","ast-page-background-enabled":"default","ast-page-background-meta":{"desktop":{"background-color":"","background-image":"","background-repeat":"repeat","background-position":"center center","background-size":"auto","background-attachment":"scroll","background-type":"","background-media":"","overlay-type":"","overlay-color":"","overlay-opacity":"","overlay-gradient":""},"tablet":{"background-color":"","background-image":"","background-repeat":"repeat","background-position":"center center","background-size":"auto","background-attachment":"scroll","background-type":"","background-media":"","overlay-type":"","overlay-color":"","overlay-opacity":"","overlay-gradient":""},"mobile":{"background-color":"","background-image":"","background-repeat":"repeat","background-position":"center center","background-size":"auto","background-attachment":"scroll","background-type":"","background-media":"","overlay-type":"","overlay-color":"","overlay-opacity":"","overlay-gradient":""}},"ast-content-background-meta":{"desktop":{"background-color":"var(--ast-global-color-5)","background-image":"","background-repeat":"repeat","background-position":"center center","background-size":"auto","background-attachment":"scroll","background-type":"","background-media":"","overlay-type":"","overlay-color":"","overlay-opacity":"","overlay-gradient":""},"tablet":{"background-color":"var(--ast-global-color-5)","background-image":"","background-repeat":"repeat","background-position":"center center","background-size":"auto","background-attachment":"scroll","background-type":"","background-media":"","overlay-type":"","overlay-color":"","overlay-opacity":"","overlay-gradient":""},"mobile":{"background-color":"var(--ast-global-color-5)","background-image":"","background-repeat":"repeat","background-position":"center center","background-size":"auto","background-attachment":"scroll","background-type":"","background-media":"","overlay-type":"","overlay-color":"","overlay-opacity":"","overlay-gradient":""}},"footnotes":""},"class_list":["post-51569","page","type-page","status-publish","hentry"],"uagb_featured_image_src":{"full":false,"thumbnail":false,"medium":false,"medium_large":false,"large":false,"1536x1536":false,"2048x2048":false,"trp-custom-language-flag":false},"uagb_author_info":{"display_name":"Jason Chapman","author_link":"https:\/\/cesctechsupport.com\/es\/author\/jchapman\/"},"uagb_comment_info":0,"uagb_excerpt":"Training Event Cancellation or Changes: Carrier Enterprise reserves the right to cancel or reschedule a class due to Notice of cancellation and changes in dates, times or locations will be sent via email 48 hours before the event. Attendee Reschedule\/Cancellation Policy: Attendee reschedule\/cancellations must be emailed to joe.sutterfield@carrierenterprise.com prior to the class date.","_links":{"self":[{"href":"https:\/\/cesctechsupport.com\/es\/wp-json\/wp\/v2\/pages\/51569","targetHints":{"allow":["GET"]}}],"collection":[{"href":"https:\/\/cesctechsupport.com\/es\/wp-json\/wp\/v2\/pages"}],"about":[{"href":"https:\/\/cesctechsupport.com\/es\/wp-json\/wp\/v2\/types\/page"}],"author":[{"embeddable":true,"href":"https:\/\/cesctechsupport.com\/es\/wp-json\/wp\/v2\/users\/34"}],"replies":[{"embeddable":true,"href":"https:\/\/cesctechsupport.com\/es\/wp-json\/wp\/v2\/comments?post=51569"}],"version-history":[{"count":0,"href":"https:\/\/cesctechsupport.com\/es\/wp-json\/wp\/v2\/pages\/51569\/revisions"}],"wp:attachment":[{"href":"https:\/\/cesctechsupport.com\/es\/wp-json\/wp\/v2\/media?parent=51569"}],"curies":[{"name":"wp","href":"https:\/\/api.w.org\/{rel}","templated":true}]}}