{"id":47290,"date":"2023-04-27T14:32:43","date_gmt":"2023-04-27T19:32:43","guid":{"rendered":"https:\/\/cesctechsupport.com\/?page_id=47290"},"modified":"2024-07-07T07:46:05","modified_gmt":"2024-07-07T12:46:05","slug":"infinity-controls","status":"publish","type":"page","link":"https:\/\/cesctechsupport.com\/es\/infinity-controls\/","title":{"rendered":"Controles infinitos"},"content":{"rendered":"<div class=\"wp-block-columns is-layout-flex wp-container-core-columns-is-layout-28f84493 wp-block-columns-is-layout-flex\">\n<div class=\"wp-block-column is-layout-flow wp-block-column-is-layout-flow\">\n<p class=\"has-text-align-left\"><strong>SYSTXCCITC01-B<\/strong><\/p>\n\n\n\n<div style=\"height:36px\" aria-hidden=\"true\" class=\"wp-block-spacer\"><\/div>\n\n\n\n<figure class=\"wp-block-image alignleft size-large is-resized\"><img loading=\"lazy\" decoding=\"async\" width=\"1024\" height=\"874\" src=\"https:\/\/cesctechsupport.com\/wp-content\/uploads\/2023\/04\/Infinity-System-Control-Series-B-Front-1024x874.jpg\" alt=\"\" class=\"wp-image-47295\" style=\"width:267px;height:227px\" srcset=\"https:\/\/cesctechsupport.com\/wp-content\/uploads\/2023\/04\/Infinity-System-Control-Series-B-Front-1024x874.jpg 1024w, https:\/\/cesctechsupport.com\/wp-content\/uploads\/2023\/04\/Infinity-System-Control-Series-B-Front-300x256.jpg 300w, https:\/\/cesctechsupport.com\/wp-content\/uploads\/2023\/04\/Infinity-System-Control-Series-B-Front-768x655.jpg 768w, https:\/\/cesctechsupport.com\/wp-content\/uploads\/2023\/04\/Infinity-System-Control-Series-B-Front-1536x1311.jpg 1536w, https:\/\/cesctechsupport.com\/wp-content\/uploads\/2023\/04\/Infinity-System-Control-Series-B-Front-2048x1747.jpg 2048w, https:\/\/cesctechsupport.com\/wp-content\/uploads\/2023\/04\/Infinity-System-Control-Series-B-Front-600x512.jpg 600w\" sizes=\"auto, (max-width: 1024px) 100vw, 1024px\" \/><\/figure>\n\n\n\n<p><\/p>\n\n\n\n<ul class=\"wp-block-list\" style=\"line-height:1.5\">\n<li><a href=\"https:\/\/cesctechsupport.com\/wp-content\/uploads\/2023\/04\/SYSTXCCITC-06PD-Product-Data.pdf\" target=\"_blank\" rel=\"noreferrer noopener\">Datos del producto<\/a><\/li>\n\n\n\n<li><a href=\"https:\/\/cesctechsupport.com\/wp-content\/uploads\/2023\/04\/SYSTXCCITC-12SI-Installation-Manual.pdf\" target=\"_blank\" rel=\"noreferrer noopener\">Manual de instalaci\u00f3n<\/a><\/li>\n\n\n\n<li><a href=\"https:\/\/cesctechsupport.com\/wp-content\/uploads\/2023\/04\/SYSTXCCITC-08-Owners-Manual.pdf\" target=\"_blank\" rel=\"noreferrer noopener\">El manual del propietario<\/a><\/li>\n\n\n\n<li><a href=\"https:\/\/cesctechsupport.com\/wp-content\/uploads\/2023\/04\/SYST-C-01WAR-Warranty-Card.pdf\" target=\"_blank\" rel=\"noreferrer noopener\">Tarjeta de garant\u00eda<\/a><\/li>\n\n\n\n<li><a href=\"https:\/\/cesctechsupport.com\/wp-content\/uploads\/2023\/04\/Carrier-Infinity-Occupancy-Sensing-Sequence-of-Operation.pdf\" target=\"_blank\" rel=\"noreferrer noopener\">Secuencia de operaci\u00f3n de detecci\u00f3n de ocupaci\u00f3n infinita<\/a><\/li>\n<\/ul>\n<\/div>\n\n\n\n<div class=\"wp-block-column is-layout-flow wp-block-column-is-layout-flow\">\n<p class=\"has-text-align-left\"><strong>-B Firmware de control de pared<\/strong> \u2013 Requiere una tarjeta MicroSD \u2264 <em>32 GB \u2013 FAT32<\/em><\/p>\n\n\n\n<p><strong>-C Firmware de control de pared<\/strong> \u2013 Las actualizaciones de firmware se realizan OTA (Over the Air) cuando se conecta a WiFi<\/p>\n\n\n\n<figure class=\"wp-block-image alignleft size-full is-resized\"><img loading=\"lazy\" decoding=\"async\" width=\"252\" height=\"248\" src=\"https:\/\/cesctechsupport.com\/wp-content\/uploads\/2023\/04\/B-Control-with-SD-card-for-updates.jpg\" alt=\"\" class=\"wp-image-47296\" style=\"width:228px;height:224px\"\/><\/figure>\n\n\n\n<ul class=\"wp-block-list\" style=\"line-height:1.5\">\n<li><a href=\"https:\/\/cesctechsupport.com\/wp-content\/uploads\/2023\/11\/PTC2023-0011-Software-4.47-Release.pdf\">Versi\u00f3n 4.47<\/a><\/li>\n\n\n\n<li><a href=\"https:\/\/cesctechsupport.com\/wp-content\/uploads\/2023\/11\/PTC2023-0004-Software-4.38-Release.pdf\">Versi\u00f3n 4.38<\/a><\/li>\n\n\n\n<li><a href=\"https:\/\/cesctechsupport.com\/wp-content\/uploads\/2023\/04\/sw_infinity_notes_0431-1.pdf\" target=\"_blank\" rel=\"noreferrer noopener\">Versi\u00f3n 4.31<\/a><\/li>\n\n\n\n<li><a href=\"https:\/\/cesctechsupport.com\/wp-content\/uploads\/2023\/04\/sw_infinity_notes_0405-1.pdf\" target=\"_blank\" rel=\"noreferrer noopener\">Versi\u00f3n 4.05<\/a><\/li>\n\n\n\n<li><a href=\"https:\/\/cesctechsupport.com\/wp-content\/uploads\/2023\/04\/sw_infinity_notes_0394-1.pdf\" target=\"_blank\" rel=\"noreferrer noopener\">Versi\u00f3n 3.94<\/a><\/li>\n\n\n\n<li><a href=\"https:\/\/cesctechsupport.com\/wp-content\/uploads\/2023\/04\/sw_infinity_notes_0362-1.pdf\" target=\"_blank\" rel=\"noreferrer noopener\">Versi\u00f3n 3.62<\/a><\/li>\n\n\n\n<li><a href=\"https:\/\/cesctechsupport.com\/wp-content\/uploads\/2023\/04\/sw_infinity_notes_0361.pdf\" target=\"_blank\" rel=\"noreferrer noopener\">Versi\u00f3n 3.61<\/a><\/li>\n<\/ul>\n<\/div>\n<\/div>\n\n\n\n<div class=\"wp-block-columns is-layout-flex wp-container-core-columns-is-layout-28f84493 wp-block-columns-is-layout-flex\">\n<div class=\"wp-block-column is-layout-flow wp-block-column-is-layout-flow\"><\/div>\n\n\n\n<div class=\"wp-block-column is-layout-flow wp-block-column-is-layout-flow\"><\/div>\n<\/div>","protected":false},"excerpt":{"rendered":"<p>SYSTXCCITC01-B -B Firmware de control de pared: requiere una tarjeta MicroSD \u2264 32 GB \u2013 FAT32 -C Firmware de control de pared: las actualizaciones de firmware se realizan OTA (por aire) cuando se conecta a WiFi<\/p>","protected":false},"author":34,"featured_media":0,"parent":0,"menu_order":0,"comment_status":"closed","ping_status":"closed","template":"","meta":{"_coblocks_attr":"","_coblocks_dimensions":"","_coblocks_responsive_height":"","_coblocks_accordion_ie_support":"","_uag_custom_page_level_css":"","site-sidebar-layout":"default","site-content-layout":"","ast-site-content-layout":"default","site-content-style":"default","site-sidebar-style":"default","ast-global-header-display":"","ast-banner-title-visibility":"","ast-main-header-display":"","ast-hfb-above-header-display":"","ast-hfb-below-header-display":"","ast-hfb-mobile-header-display":"","site-post-title":"","ast-breadcrumbs-content":"","ast-featured-img":"","footer-sml-layout":"","ast-disable-related-posts":"","theme-transparent-header-meta":"","adv-header-id-meta":"","stick-header-meta":"","header-above-stick-meta":"","header-main-stick-meta":"","header-below-stick-meta":"","astra-migrate-meta-layouts":"set","ast-page-background-enabled":"default","ast-page-background-meta":{"desktop":{"background-color":"","background-image":"","background-repeat":"repeat","background-position":"center center","background-size":"auto","background-attachment":"scroll","background-type":"","background-media":"","overlay-type":"","overlay-color":"","overlay-opacity":"","overlay-gradient":""},"tablet":{"background-color":"","background-image":"","background-repeat":"repeat","background-position":"center center","background-size":"auto","background-attachment":"scroll","background-type":"","background-media":"","overlay-type":"","overlay-color":"","overlay-opacity":"","overlay-gradient":""},"mobile":{"background-color":"","background-image":"","background-repeat":"repeat","background-position":"center center","background-size":"auto","background-attachment":"scroll","background-type":"","background-media":"","overlay-type":"","overlay-color":"","overlay-opacity":"","overlay-gradient":""}},"ast-content-background-meta":{"desktop":{"background-color":"var(--ast-global-color-5)","background-image":"","background-repeat":"repeat","background-position":"center center","background-size":"auto","background-attachment":"scroll","background-type":"","background-media":"","overlay-type":"","overlay-color":"","overlay-opacity":"","overlay-gradient":""},"tablet":{"background-color":"var(--ast-global-color-5)","background-image":"","background-repeat":"repeat","background-position":"center center","background-size":"auto","background-attachment":"scroll","background-type":"","background-media":"","overlay-type":"","overlay-color":"","overlay-opacity":"","overlay-gradient":""},"mobile":{"background-color":"var(--ast-global-color-5)","background-image":"","background-repeat":"repeat","background-position":"center center","background-size":"auto","background-attachment":"scroll","background-type":"","background-media":"","overlay-type":"","overlay-color":"","overlay-opacity":"","overlay-gradient":""}},"footnotes":""},"class_list":["post-47290","page","type-page","status-publish","hentry"],"uagb_featured_image_src":{"full":false,"thumbnail":false,"medium":false,"medium_large":false,"large":false,"1536x1536":false,"2048x2048":false,"trp-custom-language-flag":false},"uagb_author_info":{"display_name":"Jason Chapman","author_link":"https:\/\/cesctechsupport.com\/es\/author\/jchapman\/"},"uagb_comment_info":0,"uagb_excerpt":"SYSTXCCITC01-B -B Wall Control Firmware &#8211; Requires a MicroSD Card \u2264 32GB &#8211; FAT32 -C Wall Control Firmware &#8211; Firmware Updates are done OTA (Over the Air) when connected to WiFi","_links":{"self":[{"href":"https:\/\/cesctechsupport.com\/es\/wp-json\/wp\/v2\/pages\/47290","targetHints":{"allow":["GET"]}}],"collection":[{"href":"https:\/\/cesctechsupport.com\/es\/wp-json\/wp\/v2\/pages"}],"about":[{"href":"https:\/\/cesctechsupport.com\/es\/wp-json\/wp\/v2\/types\/page"}],"author":[{"embeddable":true,"href":"https:\/\/cesctechsupport.com\/es\/wp-json\/wp\/v2\/users\/34"}],"replies":[{"embeddable":true,"href":"https:\/\/cesctechsupport.com\/es\/wp-json\/wp\/v2\/comments?post=47290"}],"version-history":[{"count":0,"href":"https:\/\/cesctechsupport.com\/es\/wp-json\/wp\/v2\/pages\/47290\/revisions"}],"wp:attachment":[{"href":"https:\/\/cesctechsupport.com\/es\/wp-json\/wp\/v2\/media?parent=47290"}],"curies":[{"name":"wp","href":"https:\/\/api.w.org\/{rel}","templated":true}]}}