{"id":36931,"date":"2022-08-11T11:08:56","date_gmt":"2022-08-11T16:08:56","guid":{"rendered":"https:\/\/cesctechsupport.com\/?page_id=36931"},"modified":"2024-07-07T07:46:36","modified_gmt":"2024-07-07T12:46:36","slug":"homeowner-limited-warranty-transfer-form","status":"publish","type":"page","link":"https:\/\/cesctechsupport.com\/es\/homeowner-limited-warranty-transfer-form\/","title":{"rendered":"Formulario de transferencia de garant\u00eda limitada para propietarios de viviendas"},"content":{"rendered":"\n<div class=\"wp-block-columns is-layout-flex wp-container-core-columns-is-layout-28f84493 wp-block-columns-is-layout-flex\">\n<div class=\"wp-block-column is-layout-flow wp-block-column-is-layout-flow\" style=\"flex-basis:100%\">\n<div class=\"wp-block-columns is-layout-flex wp-container-core-columns-is-layout-28f84493 wp-block-columns-is-layout-flex\">\n<div class=\"wp-block-column is-layout-flow wp-block-column-is-layout-flow\" style=\"flex-basis:33.33%\">\n<figure class=\"wp-block-image size-full is-resized\"><img loading=\"lazy\" decoding=\"async\" src=\"https:\/\/cesctechsupport.com\/wp-content\/uploads\/2022\/03\/CE_CarrierEnterprise-Logo-CORRECT-1.png\" alt=\"\" class=\"wp-image-446\" width=\"268\" height=\"268\" srcset=\"https:\/\/cesctechsupport.com\/wp-content\/uploads\/2022\/03\/CE_CarrierEnterprise-Logo-CORRECT-1.png 612w, https:\/\/cesctechsupport.com\/wp-content\/uploads\/2022\/03\/CE_CarrierEnterprise-Logo-CORRECT-1-300x300.png 300w, https:\/\/cesctechsupport.com\/wp-content\/uploads\/2022\/03\/CE_CarrierEnterprise-Logo-CORRECT-1-150x150.png 150w, https:\/\/cesctechsupport.com\/wp-content\/uploads\/2022\/03\/CE_CarrierEnterprise-Logo-CORRECT-1-600x600.png 600w, https:\/\/cesctechsupport.com\/wp-content\/uploads\/2022\/03\/CE_CarrierEnterprise-Logo-CORRECT-1-100x100.png 100w\" sizes=\"auto, (max-width: 268px) 100vw, 268px\" \/><\/figure>\n<\/div>\n\n\n\n<div class=\"wp-block-column is-layout-flow wp-block-column-is-layout-flow\" style=\"flex-basis:66.66%\">\n<p><\/p>\n\n\n\n<p class=\"has-medium-font-size\">Carrier Enterprise South Central Warranty Dept.<br>Phone: 800-486-0550 Option 5<br>Email: <a rel=\"noreferrer noopener\" href=\"mailto:scwarranty@carrierenterprise.com\" target=\"_blank\">scwarranty@carrierenterprise.com<\/a><\/p>\n<\/div>\n<\/div>\n<\/div>\n<\/div>\n\n\n<div class=\"wpforms-container wpforms-container-full wpforms-container-save-resume wpforms-block\" id=\"wpforms-36923\"><form id=\"wpforms-form-36923\" class=\"wpforms-validate wpforms-form wpforms-ajax-form\" data-formid=\"36923\" method=\"post\" enctype=\"multipart\/form-data\" action=\"\/es\/wp-json\/wp\/v2\/pages\/36931\" data-token=\"0f12773fba8e20490dd09406a3f09a23\" data-token-time=\"1776630872\"><noscript class=\"wpforms-error-noscript\">Por favor, activa JavaScript en tu navegador para completar este formulario.<\/noscript><div class=\"wpforms-field-container\"><div id=\"wpforms-36923-field_6-container\" class=\"wpforms-field wpforms-field-divider\" data-field-type=\"divider\" data-field-id=\"6\"><h3 id=\"wpforms-36923-field_6\">Please provide a registration ID or at least one serial number<\/h3><\/div><div id=\"wpforms-36923-field_7-container\" class=\"wpforms-field wpforms-field-text wpforms-one-half wpforms-first\" data-field-type=\"text\" data-field-id=\"7\"><label class=\"wpforms-field-label\" for=\"wpforms-36923-field_7\">Registration ID from ServiceBench<\/label><input type=\"text\" id=\"wpforms-36923-field_7\" class=\"wpforms-field-medium\" name=\"wpforms[fields][7]\" ><\/div><div id=\"wpforms-36923-field_8-container\" class=\"wpforms-field wpforms-field-text wpforms-one-half\" data-field-type=\"text\" data-field-id=\"8\"><label class=\"wpforms-field-label\" for=\"wpforms-36923-field_8\">Serial Number<\/label><input type=\"text\" id=\"wpforms-36923-field_8\" class=\"wpforms-field-medium\" name=\"wpforms[fields][8]\" ><\/div><div id=\"wpforms-36923-field_1-container\" class=\"wpforms-field wpforms-field-name\" data-field-type=\"name\" data-field-id=\"1\"><label class=\"wpforms-field-label\">Original Homeowner <span class=\"wpforms-required-label\">*<\/span><\/label><div class=\"wpforms-field-row wpforms-field-medium\"><div class=\"wpforms-field-row-block wpforms-first wpforms-one-half\"><input type=\"text\" id=\"wpforms-36923-field_1\" class=\"wpforms-field-name-first wpforms-field-required\" name=\"wpforms[fields][1][first]\" required><label for=\"wpforms-36923-field_1\" class=\"wpforms-field-sublabel after\">Nombre<\/label><\/div><div class=\"wpforms-field-row-block wpforms-one-half\"><input type=\"text\" id=\"wpforms-36923-field_1-last\" class=\"wpforms-field-name-last wpforms-field-required\" name=\"wpforms[fields][1][last]\" required><label for=\"wpforms-36923-field_1-last\" class=\"wpforms-field-sublabel after\">Apellidos<\/label><\/div><\/div><\/div><div id=\"wpforms-36923-field_2-container\" class=\"wpforms-field wpforms-field-address\" data-field-type=\"address\" data-field-id=\"2\"><label class=\"wpforms-field-label\">Original Homeowner Address<\/label><div class=\"wpforms-field-row wpforms-field-medium\"><div ><input type=\"text\" id=\"wpforms-36923-field_2\" class=\"wpforms-field-address-address1\" name=\"wpforms[fields][2][address1]\" ><label for=\"wpforms-36923-field_2\" class=\"wpforms-field-sublabel after\">Address Line 1<\/label><\/div><\/div><div class=\"wpforms-field-row wpforms-field-medium\"><div ><input type=\"text\" id=\"wpforms-36923-field_2-address2\" class=\"wpforms-field-address-address2\" name=\"wpforms[fields][2][address2]\" ><label for=\"wpforms-36923-field_2-address2\" class=\"wpforms-field-sublabel after\">Address Line 2<\/label><\/div><\/div><div class=\"wpforms-field-row wpforms-field-medium\"><div class=\"wpforms-field-row-block wpforms-one-half wpforms-first\"><input type=\"text\" id=\"wpforms-36923-field_2-city\" class=\"wpforms-field-address-city\" name=\"wpforms[fields][2][city]\" ><label for=\"wpforms-36923-field_2-city\" class=\"wpforms-field-sublabel after\">Ciudad<\/label><\/div><div class=\"wpforms-field-row-block wpforms-one-half\"><select id=\"wpforms-36923-field_2-state\" class=\"wpforms-field-address-state\" name=\"wpforms[fields][2][state]\" ><option value=\"AL\" >Alabama<\/option><option value=\"AK\" >Alaska<\/option><option value=\"AZ\" >Arizona<\/option><option value=\"AR\" >Arkansas<\/option><option value=\"CA\" >California<\/option><option value=\"CO\" >Colorado<\/option><option value=\"CT\" >Connecticut<\/option><option value=\"DE\" >Delaware<\/option><option value=\"DC\" >Distrito de Columbia<\/option><option value=\"FL\" >Florida<\/option><option value=\"GA\" >Georgia<\/option><option value=\"HI\" >Hawai<\/option><option value=\"ID\" >Idaho<\/option><option value=\"IL\" >Illinois<\/option><option value=\"IN\" >Indiana<\/option><option value=\"IA\" >Iowa<\/option><option value=\"KS\" >Kansas<\/option><option value=\"KY\" >Kentucky<\/option><option value=\"LA\" >Luisiana<\/option><option value=\"ME\" >Maine<\/option><option value=\"MD\" >Maryland<\/option><option value=\"MA\" >Massachusetts<\/option><option value=\"MI\" >M\u00edchigan<\/option><option value=\"MN\" >Minnesota<\/option><option value=\"MS\" >Misisip\u00ed<\/option><option value=\"MO\" >Misuri<\/option><option value=\"MT\" >Montana<\/option><option value=\"NE\" >Nebraska<\/option><option value=\"NV\" >Nevada<\/option><option value=\"NH\" >Nuevo Hampshire<\/option><option value=\"NJ\" >Nueva Jersey<\/option><option value=\"NM\" >Nuevo M\u00e9xico<\/option><option value=\"NY\" >Nueva York<\/option><option value=\"NC\" >Carolina del norte<\/option><option value=\"ND\" >Dakota del norte<\/option><option value=\"OH\" >Ohio<\/option><option value=\"OK\" >Oklahoma<\/option><option value=\"OR\" >Oreg\u00f3n<\/option><option value=\"PA\" >Pensilvania<\/option><option value=\"RI\" >Rhode Island<\/option><option value=\"SC\" >Carolina del Sur<\/option><option value=\"SD\" >Dakota del Sur<\/option><option value=\"TN\" >Tennessee<\/option><option value=\"TX\"  selected='selected'>Texas<\/option><option value=\"UT\" >Utah<\/option><option value=\"VT\" >Vermont<\/option><option value=\"VA\" >Virginia<\/option><option value=\"WA\" >Washington<\/option><option value=\"WV\" >Virginia Occidental<\/option><option value=\"WI\" >Wisconsin<\/option><option value=\"WY\" >Wyoming<\/option><\/select><label for=\"wpforms-36923-field_2-state\" class=\"wpforms-field-sublabel after\">State<\/label><\/div><\/div><div class=\"wpforms-field-row wpforms-field-medium\"><div class=\"wpforms-field-row-block wpforms-one-half wpforms-first\"><input type=\"text\" id=\"wpforms-36923-field_2-postal\" class=\"wpforms-field-address-postal wpforms-masked-input\" data-inputmask-mask=\"(99999)|(99999-9999)\" data-inputmask-keepstatic=\"true\" data-rule-inputmask-incomplete=\"1\" name=\"wpforms[fields][2][postal]\" ><label for=\"wpforms-36923-field_2-postal\" class=\"wpforms-field-sublabel after\">Zip Code<\/label><\/div><\/div><\/div><div id=\"wpforms-36923-field_3-container\" class=\"wpforms-field wpforms-field-phone\" data-field-type=\"phone\" data-field-id=\"3\"><label class=\"wpforms-field-label\" for=\"wpforms-36923-field_3\">Original Homeowner Phone Number<\/label><input type=\"tel\" id=\"wpforms-36923-field_3\" class=\"wpforms-field-small wpforms-masked-input\" data-inputmask=\"&#039;mask&#039;: &#039;(999) 999-9999&#039;\" data-rule-us-phone-field=\"true\" data-inputmask-inputmode=\"tel\" name=\"wpforms[fields][3]\" aria-label=\"Original Homeowner Phone Number\" ><\/div><div id=\"wpforms-36923-field_4-container\" class=\"wpforms-field wpforms-field-name\" data-field-type=\"name\" data-field-id=\"4\"><label class=\"wpforms-field-label\">NEW Homeowner <span class=\"wpforms-required-label\">*<\/span><\/label><div class=\"wpforms-field-row wpforms-field-medium\"><div class=\"wpforms-field-row-block wpforms-first wpforms-one-half\"><input type=\"text\" id=\"wpforms-36923-field_4\" class=\"wpforms-field-name-first wpforms-field-required\" name=\"wpforms[fields][4][first]\" required><label for=\"wpforms-36923-field_4\" class=\"wpforms-field-sublabel after\">Nombre<\/label><\/div><div class=\"wpforms-field-row-block wpforms-one-half\"><input type=\"text\" id=\"wpforms-36923-field_4-last\" class=\"wpforms-field-name-last wpforms-field-required\" name=\"wpforms[fields][4][last]\" required><label for=\"wpforms-36923-field_4-last\" class=\"wpforms-field-sublabel after\">Apellidos<\/label><\/div><\/div><\/div><div id=\"wpforms-36923-field_5-container\" class=\"wpforms-field wpforms-field-phone\" data-field-type=\"phone\" data-field-id=\"5\"><label class=\"wpforms-field-label\" for=\"wpforms-36923-field_5\">NEW Homeowner Phone Number<\/label><input type=\"tel\" id=\"wpforms-36923-field_5\" class=\"wpforms-field-small wpforms-masked-input\" data-inputmask=\"&#039;mask&#039;: &#039;(999) 999-9999&#039;\" data-rule-us-phone-field=\"true\" data-inputmask-inputmode=\"tel\" name=\"wpforms[fields][5]\" aria-label=\"NEW Homeowner Phone Number\" ><\/div><div id=\"wpforms-36923-field_10-container\" class=\"wpforms-field wpforms-field-checkbox wpforms-one-half wpforms-first\" data-field-type=\"checkbox\" data-field-id=\"10\"><label class=\"wpforms-field-label\">&quot;The limited warranty has been explained to me and I agree to it&#039;s terms and conditions&quot;<\/label><ul id=\"wpforms-36923-field_10\"><li class=\"choice-1 depth-1\"><input type=\"checkbox\" id=\"wpforms-36923-field_10_1\" name=\"wpforms[fields][10][]\" value=\"YES\"  ><label class=\"wpforms-field-label-inline\" for=\"wpforms-36923-field_10_1\">YES<\/label><\/li><li class=\"choice-2 depth-1\"><input type=\"checkbox\" id=\"wpforms-36923-field_10_2\" name=\"wpforms[fields][10][]\" value=\"NO\"  ><label class=\"wpforms-field-label-inline\" for=\"wpforms-36923-field_10_2\">NO<\/label><\/li><\/ul><\/div><div id=\"wpforms-36923-field_11-container\" class=\"wpforms-field wpforms-field-text wpforms-one-half\" data-field-type=\"text\" data-field-id=\"11\"><label class=\"wpforms-field-label\" for=\"wpforms-36923-field_11\">Initial Here<\/label><input type=\"text\" id=\"wpforms-36923-field_11\" class=\"wpforms-field-small\" name=\"wpforms[fields][11]\" ><\/div><div id=\"wpforms-36923-field_19-container\" class=\"wpforms-field wpforms-field-signature\" data-field-type=\"signature\" data-field-id=\"19\"><label class=\"wpforms-field-label\" for=\"wpforms-36923-field_19\">Homeowner Signature<\/label><input type=\"text\" id=\"wpforms-36923-field_19\" class=\"wpforms-signature-input wpforms-screen-reader-element\" data-is-wrapped-field=\"1\" name=\"wpforms[fields][19]\" autocomplete=\"off\" inputmode=\"none\" ><div class=\"wpforms-signature-wrap wpforms-field-row wpforms-field-medium\"><canvas class=\"wpforms-signature-canvas\" id=\"wpforms-36923-field_19-signature\" data-color=\"#000000\"><\/canvas><div class=\"wpforms-signature-clear\" title=\"Clear Signature\" tabindex=\"0\">\n\t\t\t\t<svg xmlns=\"http:\/\/www.w3.org\/2000\/svg\" width=\"1em\" height=\"1em\" preserveAspectRatio=\"xMidYMid meet\" viewBox=\"0 0 1536 1536\">\n\t\t\t\t\t<path fill=\"var( --wpforms-field-text-color, rgba(0, 0, 0, 0.25) )\" d=\"M1149 994q0-26-19-45L949 768l181-181q19-19 19-45q0-27-19-46l-90-90q-19-19-46-19q-26 0-45 19L768 587L587 406q-19-19-45-19q-27 0-46 19l-90 90q-19 19-19 46q0 26 19 45l181 181l-181 181q-19 19-19 45q0 27 19 46l90 90q19 19 46 19q26 0 45-19l181-181l181 181q19 19 45 19q27 0 46-19l90-90q19-19 19-46zm387-226q0 209-103 385.5T1153.5 1433T768 1536t-385.5-103T103 1153.5T0 768t103-385.5T382.5 103T768 0t385.5 103T1433 382.5T1536 768z\"\/>\n\t\t\t\t<\/svg>\n\t\t\t\t<div class=\"wpforms-signature-clear-caption\">Clear Signature<\/div>\n\t\t\t<\/div><\/div><\/div><div id=\"wpforms-36923-field_20-container\" class=\"wpforms-field wpforms-field-signature\" data-field-type=\"signature\" data-field-id=\"20\"><label class=\"wpforms-field-label\" for=\"wpforms-36923-field_20\">Contractor \/ Dealer Authorized Signature<\/label><input type=\"text\" id=\"wpforms-36923-field_20\" class=\"wpforms-signature-input wpforms-screen-reader-element\" data-is-wrapped-field=\"1\" name=\"wpforms[fields][20]\" autocomplete=\"off\" inputmode=\"none\" ><div class=\"wpforms-signature-wrap wpforms-field-row wpforms-field-medium\"><canvas class=\"wpforms-signature-canvas\" id=\"wpforms-36923-field_20-signature\" data-color=\"#000000\"><\/canvas><div class=\"wpforms-signature-clear\" title=\"Clear Signature\" tabindex=\"0\">\n\t\t\t\t<svg xmlns=\"http:\/\/www.w3.org\/2000\/svg\" width=\"1em\" height=\"1em\" preserveAspectRatio=\"xMidYMid meet\" viewBox=\"0 0 1536 1536\">\n\t\t\t\t\t<path fill=\"var( --wpforms-field-text-color, rgba(0, 0, 0, 0.25) )\" d=\"M1149 994q0-26-19-45L949 768l181-181q19-19 19-45q0-27-19-46l-90-90q-19-19-46-19q-26 0-45 19L768 587L587 406q-19-19-45-19q-27 0-46 19l-90 90q-19 19-19 46q0 26 19 45l181 181l-181 181q-19 19-19 45q0 27 19 46l90 90q19 19 46 19q26 0 45-19l181-181l181 181q19 19 45 19q27 0 46-19l90-90q19-19 19-46zm387-226q0 209-103 385.5T1153.5 1433T768 1536t-385.5-103T103 1153.5T0 768t103-385.5T382.5 103T768 0t385.5 103T1433 382.5T1536 768z\"\/>\n\t\t\t\t<\/svg>\n\t\t\t\t<div class=\"wpforms-signature-clear-caption\">Clear Signature<\/div>\n\t\t\t<\/div><\/div><\/div><div id=\"wpforms-36923-field_14-container\" class=\"wpforms-field wpforms-field-divider\" data-field-type=\"divider\" data-field-id=\"14\"><h3 id=\"wpforms-36923-field_14\">FOR DISTRIBUTORS USE ONLY<\/h3><\/div><div id=\"wpforms-36923-field_15-container\" class=\"wpforms-field wpforms-field-text\" data-field-type=\"text\" data-field-id=\"15\"><label class=\"wpforms-field-label\" for=\"wpforms-36923-field_15\">Distributor Company Name<\/label><input type=\"text\" id=\"wpforms-36923-field_15\" class=\"wpforms-field-medium\" name=\"wpforms[fields][15]\" ><\/div><div id=\"wpforms-36923-field_16-container\" class=\"wpforms-field wpforms-field-text\" data-field-type=\"text\" data-field-id=\"16\"><label class=\"wpforms-field-label\" for=\"wpforms-36923-field_16\">Distributor Authorized Signature<\/label><input type=\"text\" id=\"wpforms-36923-field_16\" class=\"wpforms-field-medium\" name=\"wpforms[fields][16]\" ><\/div><div id=\"wpforms-36923-field_18-container\" class=\"wpforms-field wpforms-field-text\" data-field-type=\"text\" data-field-id=\"18\"><label class=\"wpforms-field-label\" for=\"wpforms-36923-field_18\">Distributor Computer ID Number, 7 Digit<\/label><input type=\"text\" id=\"wpforms-36923-field_18\" class=\"wpforms-field-small wpforms-limit-characters-enabled\" data-form-id=\"36923\" data-field-id=\"18\" data-text-limit=\"7\" name=\"wpforms[fields][18]\" maxlength=\"7\" ><\/div><\/div><!-- .wpforms-field-container --><div class=\"wpforms-recaptcha-container wpforms-is-recaptcha wpforms-is-recaptcha-type-v2\" ><div class=\"g-recaptcha\" data-sitekey=\"6LeUbRAgAAAAALk3wxgo6Xf-4A-_NKlgkwJsCbfD\"><\/div><input type=\"text\" name=\"g-recaptcha-hidden\" class=\"wpforms-recaptcha-hidden\" style=\"position:absolute!important;clip:rect(0,0,0,0)!important;height:1px!important;width:1px!important;border:0!important;overflow:hidden!important;padding:0!important;margin:0!important;\" data-rule-recaptcha=\"1\"><\/div><div class=\"wpforms-submit-container\" ><input type=\"hidden\" name=\"wpforms[id]\" value=\"36923\"><input type=\"hidden\" name=\"page_title\" value=\"\"><input type=\"hidden\" name=\"page_url\" value=\"https:\/\/cesctechsupport.com\/es\/wp-json\/wp\/v2\/pages\/36931\"><input type=\"hidden\" name=\"url_referer\" value=\"\"><button type=\"submit\" name=\"wpforms[submit]\" id=\"wpforms-submit-36923\" class=\"wpforms-submit\" data-alt-text=\"Sending...\" data-submit-text=\"Submit\" aria-live=\"assertive\" value=\"wpforms-submit\">Submit<\/button><img loading=\"lazy\" decoding=\"async\" src=\"https:\/\/cesctechsupport.com\/wp-content\/plugins\/wpforms\/assets\/images\/submit-spin.svg\" class=\"wpforms-submit-spinner\" style=\"display: none;\" width=\"26\" height=\"26\" alt=\"Cargando\"><\/div><\/form><\/div>  <!-- .wpforms-container -->","protected":false},"excerpt":{"rendered":"<p>Departamento de Garant\u00eda de Carrier Enterprise South Central Tel\u00e9fono: 800-486-0550 Opci\u00f3n 5 Correo electr\u00f3nico: scwarranty@carrierenterprise.com<\/p>","protected":false},"author":34,"featured_media":0,"parent":0,"menu_order":0,"comment_status":"closed","ping_status":"closed","template":"","meta":{"_coblocks_attr":"","_coblocks_dimensions":"","_coblocks_responsive_height":"","_coblocks_accordion_ie_support":"","_uag_custom_page_level_css":"","site-sidebar-layout":"default","site-content-layout":"","ast-site-content-layout":"default","site-content-style":"default","site-sidebar-style":"default","ast-global-header-display":"","ast-banner-title-visibility":"","ast-main-header-display":"","ast-hfb-above-header-display":"","ast-hfb-below-header-display":"","ast-hfb-mobile-header-display":"","site-post-title":"","ast-breadcrumbs-content":"","ast-featured-img":"","footer-sml-layout":"","ast-disable-related-posts":"","theme-transparent-header-meta":"","adv-header-id-meta":"","stick-header-meta":"","header-above-stick-meta":"","header-main-stick-meta":"","header-below-stick-meta":"","astra-migrate-meta-layouts":"default","ast-page-background-enabled":"default","ast-page-background-meta":{"desktop":{"background-color":"","background-image":"","background-repeat":"repeat","background-position":"center center","background-size":"auto","background-attachment":"scroll","background-type":"","background-media":"","overlay-type":"","overlay-color":"","overlay-opacity":"","overlay-gradient":""},"tablet":{"background-color":"","background-image":"","background-repeat":"repeat","background-position":"center center","background-size":"auto","background-attachment":"scroll","background-type":"","background-media":"","overlay-type":"","overlay-color":"","overlay-opacity":"","overlay-gradient":""},"mobile":{"background-color":"","background-image":"","background-repeat":"repeat","background-position":"center center","background-size":"auto","background-attachment":"scroll","background-type":"","background-media":"","overlay-type":"","overlay-color":"","overlay-opacity":"","overlay-gradient":""}},"ast-content-background-meta":{"desktop":{"background-color":"var(--ast-global-color-5)","background-image":"","background-repeat":"repeat","background-position":"center center","background-size":"auto","background-attachment":"scroll","background-type":"","background-media":"","overlay-type":"","overlay-color":"","overlay-opacity":"","overlay-gradient":""},"tablet":{"background-color":"var(--ast-global-color-5)","background-image":"","background-repeat":"repeat","background-position":"center center","background-size":"auto","background-attachment":"scroll","background-type":"","background-media":"","overlay-type":"","overlay-color":"","overlay-opacity":"","overlay-gradient":""},"mobile":{"background-color":"var(--ast-global-color-5)","background-image":"","background-repeat":"repeat","background-position":"center center","background-size":"auto","background-attachment":"scroll","background-type":"","background-media":"","overlay-type":"","overlay-color":"","overlay-opacity":"","overlay-gradient":""}},"footnotes":""},"class_list":["post-36931","page","type-page","status-publish","hentry"],"uagb_featured_image_src":{"full":false,"thumbnail":false,"medium":false,"medium_large":false,"large":false,"1536x1536":false,"2048x2048":false,"trp-custom-language-flag":false},"uagb_author_info":{"display_name":"Jason Chapman","author_link":"https:\/\/cesctechsupport.com\/es\/author\/jchapman\/"},"uagb_comment_info":0,"uagb_excerpt":"Carrier Enterprise South Central Warranty Dept.Phone: 800-486-0550 Option 5Email: scwarranty@carrierenterprise.com","_links":{"self":[{"href":"https:\/\/cesctechsupport.com\/es\/wp-json\/wp\/v2\/pages\/36931","targetHints":{"allow":["GET"]}}],"collection":[{"href":"https:\/\/cesctechsupport.com\/es\/wp-json\/wp\/v2\/pages"}],"about":[{"href":"https:\/\/cesctechsupport.com\/es\/wp-json\/wp\/v2\/types\/page"}],"author":[{"embeddable":true,"href":"https:\/\/cesctechsupport.com\/es\/wp-json\/wp\/v2\/users\/34"}],"replies":[{"embeddable":true,"href":"https:\/\/cesctechsupport.com\/es\/wp-json\/wp\/v2\/comments?post=36931"}],"version-history":[{"count":0,"href":"https:\/\/cesctechsupport.com\/es\/wp-json\/wp\/v2\/pages\/36931\/revisions"}],"wp:attachment":[{"href":"https:\/\/cesctechsupport.com\/es\/wp-json\/wp\/v2\/media?parent=36931"}],"curies":[{"name":"wp","href":"https:\/\/api.w.org\/{rel}","templated":true}]}}