{"id":3127,"date":"2022-06-30T16:52:28","date_gmt":"2022-06-30T21:52:28","guid":{"rendered":"https:\/\/cesctechsupport.com\/?page_id=3127"},"modified":"2025-05-16T16:49:10","modified_gmt":"2025-05-16T21:49:10","slug":"ce-customer-training-schedule","status":"publish","type":"page","link":"https:\/\/cesctechsupport.com\/es\/ce-customer-training-schedule\/","title":{"rendered":"Capacitaci\u00f3n t\u00e9cnica"},"content":{"rendered":"<p style=\"font-size:17px\"><strong>T\u00fa hablaste y nosotros escuchamos.<\/strong><\/p>\n\n\n\n<p class=\"has-text-align-center\" style=\"font-size:31px\"><strong>Presentando<\/strong><\/p>\n\n\n\n<figure class=\"wp-block-image aligncenter size-full is-resized\"><img loading=\"lazy\" decoding=\"async\" width=\"901\" height=\"488\" src=\"https:\/\/cesctechsupport.com\/wp-content\/uploads\/2025\/05\/Block-1.png\" alt=\"\" class=\"wp-image-61622\" style=\"width:601px;height:auto\" srcset=\"https:\/\/cesctechsupport.com\/wp-content\/uploads\/2025\/05\/Block-1.png 901w, https:\/\/cesctechsupport.com\/wp-content\/uploads\/2025\/05\/Block-1-300x162.png 300w, https:\/\/cesctechsupport.com\/wp-content\/uploads\/2025\/05\/Block-1-768x416.png 768w, https:\/\/cesctechsupport.com\/wp-content\/uploads\/2025\/05\/Block-1-18x10.png 18w, https:\/\/cesctechsupport.com\/wp-content\/uploads\/2025\/05\/Block-1-600x325.png 600w\" sizes=\"auto, (max-width: 901px) 100vw, 901px\" \/><\/figure>\n\n\n\n<p class=\"has-text-align-center\" style=\"font-size:28px\">Por favor visita <a href=\"https:\/\/www.carrierenterprise.com\/\">Carrierenterprise.com<\/a> o su aplicaci\u00f3n HVAC Pro+<\/p>\n\n\n\n<p class=\"has-text-align-center\" style=\"font-size:28px\">Reg\u00edstrate o inicia sesi\u00f3n en <a href=\"https:\/\/www.carrierenterprise.com\/\">Carrierenterprise.com<\/a> o su aplicaci\u00f3n HVAC Pro+<\/p>\n\n\n\n<p class=\"has-text-align-center\" style=\"font-size:28px\">Busque CE Path en la parte superior derecha de su pantalla<\/p>\n\n\n\n<p class=\"has-text-align-center\" style=\"font-size:28px\">Por favor visita <a href=\"https:\/\/www.carrierenterprise.com\/\">Carrierenterprise.com<\/a> Para agregar todo el personal de su empresa a su negocio<\/p>\n\n\n\n<p class=\"has-text-align-center\" style=\"font-size:28px\">Hacer clic <a href=\"https:\/\/help.carrierenterprise.com\/s\/article\/How-do-I-create-accounts-for-people-from-my-company\">AQU\u00cd <\/a>Para obtener m\u00e1s informaci\u00f3n sobre c\u00f3mo agregar personas a su cuenta de empresa.<\/p>\n\n\n\n<p><\/p>","protected":false},"excerpt":{"rendered":"<p>You spoke and we listened. Introducing Please visit Carrierenterprise.com or your HVAC Pro+ App Register or sign-in to Carrierenterprise.com or your HVAC Pro+ App Look for CE Path in the top right of your screen Please visit Carrierenterprise.com to add all of your company personal to your business Click HERE to learn more on how [&hellip;]<\/p>\n","protected":false},"author":1,"featured_media":0,"parent":0,"menu_order":0,"comment_status":"closed","ping_status":"closed","template":"","meta":{"_coblocks_attr":"","_coblocks_dimensions":"","_coblocks_responsive_height":"","_coblocks_accordion_ie_support":"","_uag_custom_page_level_css":"","site-sidebar-layout":"default","site-content-layout":"","ast-site-content-layout":"default","site-content-style":"default","site-sidebar-style":"default","ast-global-header-display":"","ast-banner-title-visibility":"","ast-main-header-display":"","ast-hfb-above-header-display":"","ast-hfb-below-header-display":"","ast-hfb-mobile-header-display":"","site-post-title":"","ast-breadcrumbs-content":"","ast-featured-img":"","footer-sml-layout":"","ast-disable-related-posts":"","theme-transparent-header-meta":"","adv-header-id-meta":"","stick-header-meta":"","header-above-stick-meta":"","header-main-stick-meta":"","header-below-stick-meta":"","astra-migrate-meta-layouts":"set","ast-page-background-enabled":"default","ast-page-background-meta":{"desktop":{"background-color":"","background-image":"","background-repeat":"repeat","background-position":"center center","background-size":"auto","background-attachment":"scroll","background-type":"","background-media":"","overlay-type":"","overlay-color":"","overlay-opacity":"","overlay-gradient":""},"tablet":{"background-color":"","background-image":"","background-repeat":"repeat","background-position":"center center","background-size":"auto","background-attachment":"scroll","background-type":"","background-media":"","overlay-type":"","overlay-color":"","overlay-opacity":"","overlay-gradient":""},"mobile":{"background-color":"","background-image":"","background-repeat":"repeat","background-position":"center center","background-size":"auto","background-attachment":"scroll","background-type":"","background-media":"","overlay-type":"","overlay-color":"","overlay-opacity":"","overlay-gradient":""}},"ast-content-background-meta":{"desktop":{"background-color":"var(--ast-global-color-5)","background-image":"","background-repeat":"repeat","background-position":"center center","background-size":"auto","background-attachment":"scroll","background-type":"","background-media":"","overlay-type":"","overlay-color":"","overlay-opacity":"","overlay-gradient":""},"tablet":{"background-color":"var(--ast-global-color-5)","background-image":"","background-repeat":"repeat","background-position":"center center","background-size":"auto","background-attachment":"scroll","background-type":"","background-media":"","overlay-type":"","overlay-color":"","overlay-opacity":"","overlay-gradient":""},"mobile":{"background-color":"var(--ast-global-color-5)","background-image":"","background-repeat":"repeat","background-position":"center center","background-size":"auto","background-attachment":"scroll","background-type":"","background-media":"","overlay-type":"","overlay-color":"","overlay-opacity":"","overlay-gradient":""}},"footnotes":""},"class_list":["post-3127","page","type-page","status-publish","hentry"],"uagb_featured_image_src":{"full":false,"thumbnail":false,"medium":false,"medium_large":false,"large":false,"1536x1536":false,"2048x2048":false,"trp-custom-language-flag":false},"uagb_author_info":{"display_name":"Josh Goodman","author_link":"https:\/\/cesctechsupport.com\/es\/author\/joshg\/"},"uagb_comment_info":0,"uagb_excerpt":"You spoke and we listened. Introducing Please visit Carrierenterprise.com or your HVAC Pro+ App Register or sign-in to Carrierenterprise.com or your HVAC Pro+ App Look for CE Path in the top right of your screen Please visit Carrierenterprise.com to add all of your company personal to your business Click HERE to learn more on how&hellip;","_links":{"self":[{"href":"https:\/\/cesctechsupport.com\/es\/wp-json\/wp\/v2\/pages\/3127","targetHints":{"allow":["GET"]}}],"collection":[{"href":"https:\/\/cesctechsupport.com\/es\/wp-json\/wp\/v2\/pages"}],"about":[{"href":"https:\/\/cesctechsupport.com\/es\/wp-json\/wp\/v2\/types\/page"}],"author":[{"embeddable":true,"href":"https:\/\/cesctechsupport.com\/es\/wp-json\/wp\/v2\/users\/1"}],"replies":[{"embeddable":true,"href":"https:\/\/cesctechsupport.com\/es\/wp-json\/wp\/v2\/comments?post=3127"}],"version-history":[{"count":0,"href":"https:\/\/cesctechsupport.com\/es\/wp-json\/wp\/v2\/pages\/3127\/revisions"}],"wp:attachment":[{"href":"https:\/\/cesctechsupport.com\/es\/wp-json\/wp\/v2\/media?parent=3127"}],"curies":[{"name":"wp","href":"https:\/\/api.w.org\/{rel}","templated":true}]}}