{"id":170,"date":"2022-03-21T13:54:18","date_gmt":"2022-03-21T17:54:18","guid":{"rendered":"https:\/\/cesctechsupport.com\/?page_id=170"},"modified":"2024-07-07T07:46:46","modified_gmt":"2024-07-07T12:46:46","slug":"variable-speed-systems","status":"publish","type":"page","link":"https:\/\/cesctechsupport.com\/es\/variable-speed-systems\/","title":{"rendered":"Sistemas de velocidad variable"},"content":{"rendered":"<p><mark style=\"background-color:rgba(0, 0, 0, 0)\" class=\"has-inline-color has-vivid-red-color\"><a href=\"https:\/\/cesctechsupport.com\/es\/video-fault-code-retrieval\/\">Recuperaci\u00f3n del c\u00f3digo de error<\/a>: <\/mark><mark style=\"background-color:rgba(0, 0, 0, 0)\" class=\"has-inline-color has-black-color\">Este video le mostrar\u00e1 c\u00f3mo eliminar los c\u00f3digos de falla de la interfaz de usuario para ayudar a solucionar problemas del sistema.<\/mark><\/p>\n\n\n\n<p><a href=\"https:\/\/cesctechsupport.com\/es\/video-force-fault-code-recall\/\">Recuperaci\u00f3n forzada del c\u00f3digo de error:<\/a> <mark style=\"background-color:rgba(0, 0, 0, 0)\" class=\"has-inline-color has-black-color\">Este video le mostrar\u00e1 c\u00f3mo colocar la unidad exterior en un retiro de c\u00f3digo forzado en caso de que su unidad no informe c\u00f3digos de falla pero a\u00fan no est\u00e9 funcionando cuando se le indique.<\/mark><\/p>\n\n\n\n<p><a href=\"https:\/\/cesctechsupport.com\/es\/video-charging-with-the-user-interface\/\">Carga con la interfaz de usuario:<\/a> <mark style=\"background-color:rgba(0, 0, 0, 0)\" class=\"has-inline-color has-black-color\">Este video le mostrar\u00e1 los 2 m\u00e9todos para cargar un sistema de velocidad variable y c\u00f3mo navegar por la interfaz de usuario para cargar.<\/mark><\/p>\n\n\n\n<p><a href=\"https:\/\/cesctechsupport.com\/es\/video-airflow-verification-test\/\">Prueba de verificaci\u00f3n del flujo de aire:<\/a> <mark style=\"background-color:rgba(0, 0, 0, 0)\" class=\"has-inline-color has-black-color\">Esto le guiar\u00e1 a trav\u00e9s de c\u00f3mo colocar la interfaz de usuario en el proceso de verificaci\u00f3n del flujo de aire para verificar la est\u00e1tica del sistema de conductos y las RPM del motor del ventilador.<\/mark><\/p>\n\n\n\n<p><a href=\"https:\/\/cesctechsupport.com\/es\/video-of-recovery-evacuation-operation\/\">Operaci\u00f3n de recuperaci\u00f3n y evacuaci\u00f3n:<\/a><mark style=\"background-color:rgba(0, 0, 0, 0)\" class=\"has-inline-color has-black-color\"> Esto lo guiar\u00e1 para navegar por el men\u00fa de servicio y asegurarse de que la EXV est\u00e9 abierta para que pueda retirar todo el refrigerante del sistema para realizar una reparaci\u00f3n.<\/mark><\/p>\n\n\n\n<p><a href=\"https:\/\/cesctechsupport.com\/es\/video-troubleshooting-communication-code-16\/\">C\u00f3digo 16 Fallo de comunicaci\u00f3n:<\/a> <mark style=\"background-color:rgba(0, 0, 0, 0)\" class=\"has-inline-color has-black-color\">Este video lo guiar\u00e1 a trav\u00e9s de c\u00f3mo solucionar problemas en el circuito de comunicaci\u00f3n.<\/mark><\/p>\n\n\n\n<p><a href=\"https:\/\/cesctechsupport.com\/es\/video-how-to-use-the-user-interface-as-a-service-tool\/\">C\u00f3mo utilizar la interfaz de usuario como herramienta de servicio:<\/a> <mark style=\"background-color:rgba(0, 0, 0, 0)\" class=\"has-inline-color has-black-color\">En este v\u00eddeo le mostraremos c\u00f3mo puede utilizar una segunda interfaz de usuario como herramienta para ayudar a reducir el tiempo de una llamada de servicio.<\/mark><\/p>\n\n\n\n<p><a href=\"https:\/\/cesctechsupport.com\/es\/video-model-plug-code-25\/\">Fallo del enchufe del modelo C\u00f3digo 25:<\/a> <mark style=\"background-color:rgba(0, 0, 0, 0)\" class=\"has-inline-color has-black-color\">Este video cubrir\u00e1 c\u00f3mo probar el modelo de enchufe.<\/mark><\/p>\n\n\n\n<p> <a href=\"https:\/\/cesctechsupport.com\/es\/video-code-41\/\"><mark style=\"background-color:rgba(0, 0, 0, 0)\" class=\"has-inline-color has-vivid-red-color\">C\u00f3digo 41<\/mark><\/a>&nbsp;<mark style=\"background-color:rgba(0, 0, 0, 0)\" class=\"has-inline-color has-black-color\">(fallo del motor del ventilador)<\/mark> <mark style=\"background-color:rgba(0, 0, 0, 0)\" class=\"has-inline-color has-black-color\">: Este proceso tambi\u00e9n funciona en el Fan Coil FE4.<\/mark><\/p>\n\n\n\n<p><a href=\"https:\/\/cesctechsupport.com\/es\/video-high-pressure-protection-operation\/\">Operaci\u00f3n de protecci\u00f3n de alta presi\u00f3n:<\/a> <mark style=\"background-color:rgba(0, 0, 0, 0)\" class=\"has-inline-color has-black-color\">Esto explica c\u00f3mo funciona la operaci\u00f3n de alta protecci\u00f3n en el sistema de pr\u00f3xima generaci\u00f3n.<\/mark><\/p>\n\n\n\n<p><a href=\"https:\/\/cesctechsupport.com\/es\/video-low-pressure-protection-operation\/\">Operaci\u00f3n de protecci\u00f3n de baja presi\u00f3n:<\/a> <mark style=\"background-color:rgba(0, 0, 0, 0)\" class=\"has-inline-color has-black-color\">Esto explica c\u00f3mo funciona la operaci\u00f3n de alta protecci\u00f3n en el sistema de pr\u00f3xima generaci\u00f3n.<\/mark><\/p>\n\n\n\n<p><a href=\"https:\/\/cesctechsupport.com\/es\/video-pressure-transducer-testing\/\">Pruebas de transductores de presi\u00f3n:<\/a><mark style=\"background-color:rgba(0, 0, 0, 0)\" class=\"has-inline-color has-black-color\"> Esto le mostrar\u00e1 c\u00f3mo verificar un transductor de presi\u00f3n.<\/mark><\/p>\n\n\n\n<p><a href=\"https:\/\/cesctechsupport.com\/es\/video-exv-troubleshooting-testing\/\">Soluci\u00f3n de problemas y pruebas de EXV:<\/a> <mark style=\"background-color:rgba(0, 0, 0, 0)\" class=\"has-inline-color has-black-color\">Aqu\u00ed le explicaremos c\u00f3mo conectar el motor paso a paso y luego probaremos la v\u00e1lvula para asegurarnos de que funcione mec\u00e1nicamente.<\/mark><\/p>\n\n\n\n<p><a href=\"https:\/\/cesctechsupport.com\/es\/video-thermistor-testing\/\">Prueba de termistor:<\/a> <mark style=\"background-color:rgba(0, 0, 0, 0)\" class=\"has-inline-color has-black-color\">Todos los c\u00f3digos 51-54 se relacionan con un problema de termistor.<\/mark><\/p>\n\n\n\n<p><a href=\"https:\/\/cesctechsupport.com\/es\/video-next-gen-condenser-fan-motor-troubleshooting\/\">Motor de ventilador de condensador de pr\u00f3xima generaci\u00f3n:<\/a> <mark style=\"background-color:rgba(0, 0, 0, 0)\" class=\"has-inline-color has-black-color\">Este video le mostrar\u00e1 c\u00f3mo probar el motor del ventilador del condensador Next Gen. Es diferente al motor de condensador de 5 etapas.<\/mark><\/p>\n\n\n\n<p><a href=\"https:\/\/cesctechsupport.com\/wp-content\/uploads\/2022\/04\/Troubleshooting-FV-FK-ECM-Motors-X13-Motors.pdf\" target=\"_blank\" rel=\"noreferrer noopener\">Soluci\u00f3n de problemas del motor FV\/FK ECM y del motor X13: <\/a><mark style=\"background-color:rgba(0, 0, 0, 0)\" class=\"has-inline-color has-black-color\">Esta gu\u00eda le ayudar\u00e1 a solucionar problemas de los motores X-13 y de velocidad variable de 16 pines.<\/mark><\/p>\n\n\n\n<p><a href=\"https:\/\/cesctechsupport.com\/wp-content\/uploads\/2022\/04\/Inverter-Code-69-77.pdf\" target=\"_blank\" rel=\"noreferrer noopener\">C\u00f3digo 69 Bombas de calor 25VNA0\/280ANV, unidades de aire acondicionado 24VNA\/180CNV<\/a>; <mark style=\"background-color:rgba(0, 0, 0, 0)\" class=\"has-inline-color has-black-color\">Primero verifique los devanados del compresor y la conexi\u00f3n a tierra en el cabezal del terminal del compresor. Esta prueba ayudar\u00e1 a detectar un compresor bloqueado. Si la placa genera un c\u00f3digo 79 con el compresor desconectado, lo m\u00e1s probable es que se trate de un compresor bloqueado.<\/mark><\/p>","protected":false},"excerpt":{"rendered":"<p>Fault Code Retrieval: This video will show you how to get the fault codes out of the user interface to help troubleshoot the system. Forced Fault Code retrieval: This video will show you how to place the outdoor unit into a force code recall in the event your unit is not reporting fault codes but [&hellip;]<\/p>\n","protected":false},"author":1,"featured_media":0,"parent":0,"menu_order":0,"comment_status":"closed","ping_status":"closed","template":"","meta":{"_coblocks_attr":"","_coblocks_dimensions":"","_coblocks_responsive_height":"","_coblocks_accordion_ie_support":"","_uag_custom_page_level_css":"","site-sidebar-layout":"default","site-content-layout":"","ast-site-content-layout":"default","site-content-style":"default","site-sidebar-style":"default","ast-global-header-display":"","ast-banner-title-visibility":"","ast-main-header-display":"","ast-hfb-above-header-display":"","ast-hfb-below-header-display":"","ast-hfb-mobile-header-display":"","site-post-title":"","ast-breadcrumbs-content":"","ast-featured-img":"","footer-sml-layout":"","ast-disable-related-posts":"","theme-transparent-header-meta":"","adv-header-id-meta":"","stick-header-meta":"","header-above-stick-meta":"","header-main-stick-meta":"","header-below-stick-meta":"","astra-migrate-meta-layouts":"default","ast-page-background-enabled":"default","ast-page-background-meta":{"desktop":{"background-color":"","background-image":"","background-repeat":"repeat","background-position":"center center","background-size":"auto","background-attachment":"scroll","background-type":"","background-media":"","overlay-type":"","overlay-color":"","overlay-opacity":"","overlay-gradient":""},"tablet":{"background-color":"","background-image":"","background-repeat":"repeat","background-position":"center center","background-size":"auto","background-attachment":"scroll","background-type":"","background-media":"","overlay-type":"","overlay-color":"","overlay-opacity":"","overlay-gradient":""},"mobile":{"background-color":"","background-image":"","background-repeat":"repeat","background-position":"center center","background-size":"auto","background-attachment":"scroll","background-type":"","background-media":"","overlay-type":"","overlay-color":"","overlay-opacity":"","overlay-gradient":""}},"ast-content-background-meta":{"desktop":{"background-color":"var(--ast-global-color-5)","background-image":"","background-repeat":"repeat","background-position":"center center","background-size":"auto","background-attachment":"scroll","background-type":"","background-media":"","overlay-type":"","overlay-color":"","overlay-opacity":"","overlay-gradient":""},"tablet":{"background-color":"var(--ast-global-color-5)","background-image":"","background-repeat":"repeat","background-position":"center center","background-size":"auto","background-attachment":"scroll","background-type":"","background-media":"","overlay-type":"","overlay-color":"","overlay-opacity":"","overlay-gradient":""},"mobile":{"background-color":"var(--ast-global-color-5)","background-image":"","background-repeat":"repeat","background-position":"center center","background-size":"auto","background-attachment":"scroll","background-type":"","background-media":"","overlay-type":"","overlay-color":"","overlay-opacity":"","overlay-gradient":""}},"footnotes":""},"class_list":["post-170","page","type-page","status-publish","hentry"],"uagb_featured_image_src":{"full":false,"thumbnail":false,"medium":false,"medium_large":false,"large":false,"1536x1536":false,"2048x2048":false,"trp-custom-language-flag":false},"uagb_author_info":{"display_name":"Josh Goodman","author_link":"https:\/\/cesctechsupport.com\/es\/author\/joshg\/"},"uagb_comment_info":0,"uagb_excerpt":"Fault Code Retrieval: This video will show you how to get the fault codes out of the user interface to help troubleshoot the system. Forced Fault Code retrieval: This video will show you how to place the outdoor unit into a force code recall in the event your unit is not reporting fault codes but&hellip;","_links":{"self":[{"href":"https:\/\/cesctechsupport.com\/es\/wp-json\/wp\/v2\/pages\/170","targetHints":{"allow":["GET"]}}],"collection":[{"href":"https:\/\/cesctechsupport.com\/es\/wp-json\/wp\/v2\/pages"}],"about":[{"href":"https:\/\/cesctechsupport.com\/es\/wp-json\/wp\/v2\/types\/page"}],"author":[{"embeddable":true,"href":"https:\/\/cesctechsupport.com\/es\/wp-json\/wp\/v2\/users\/1"}],"replies":[{"embeddable":true,"href":"https:\/\/cesctechsupport.com\/es\/wp-json\/wp\/v2\/comments?post=170"}],"version-history":[{"count":0,"href":"https:\/\/cesctechsupport.com\/es\/wp-json\/wp\/v2\/pages\/170\/revisions"}],"wp:attachment":[{"href":"https:\/\/cesctechsupport.com\/es\/wp-json\/wp\/v2\/media?parent=170"}],"curies":[{"name":"wp","href":"https:\/\/api.w.org\/{rel}","templated":true}]}}