{"id":166,"date":"2022-03-21T13:48:09","date_gmt":"2022-03-21T17:48:09","guid":{"rendered":"https:\/\/cesctechsupport.com\/?page_id=166"},"modified":"2024-07-07T07:46:46","modified_gmt":"2024-07-07T12:46:46","slug":"user-interface-videos","status":"publish","type":"page","link":"https:\/\/cesctechsupport.com\/es\/user-interface-videos\/","title":{"rendered":"V\u00eddeos de la interfaz de usuario"},"content":{"rendered":"<p><strong><mark style=\"background-color:rgba(0, 0, 0, 0)\" class=\"has-inline-color has-black-color\">V\u00eddeos de Infinity\/Touchscreen Evolution\/Connex<\/mark><\/strong><\/p>\n\n\n\n<p><a href=\"https:\/\/cesctechsupport.com\/es\/video-touchscreen-start-up\/\"><mark style=\"background-color:rgba(0, 0, 0, 0)\" class=\"has-inline-color has-vivid-red-color\">Puesta en marcha de la pantalla t\u00e1ctil<\/mark>:<\/a>&nbsp;<mark style=\"background-color:rgba(0, 0, 0, 0)\" class=\"has-inline-color has-black-color\">Primera secuencia de puesta en marcha.&nbsp;<\/mark><\/p>\n\n\n\n<p><a href=\"https:\/\/cesctechsupport.com\/es\/video-touchscreen-service-navigation\/\"><mark style=\"background-color:rgba(0, 0, 0, 0)\" class=\"has-inline-color has-vivid-red-color\">Navegaci\u00f3n de servicio con pantalla t\u00e1ctil<\/mark>:<\/a>&nbsp;<mark style=\"background-color:rgba(0, 0, 0, 0)\" class=\"has-inline-color has-black-color\">Recorrido por las pantallas de instalaci\u00f3n\/servicio<\/mark>.<\/p>\n\n\n\n<p><a href=\"https:\/\/cesctechsupport.com\/es\/video-touchscreen-inverter-charging-screen\/\"><mark style=\"background-color:rgba(0, 0, 0, 0)\" class=\"has-inline-color has-vivid-red-color\">Pantalla de carga del inversor con pantalla t\u00e1ctil<\/mark>:<\/a>&nbsp;<mark style=\"background-color:rgba(0, 0, 0, 0)\" class=\"has-inline-color has-black-color\">&nbsp;C\u00f3mo acceder a la pantalla de carga del Inversor.<\/mark><\/p>\n\n\n\n<h4 class=\"wp-block-heading\" id=\"updating-the-user-interface-use-the-links-below-to-get-the-software\"><strong><mark style=\"background-color:rgba(0, 0, 0, 0)\" class=\"has-inline-color has-black-color\">Para actualizar la interfaz de usuario, use los enlaces a continuaci\u00f3n para obtener el software:<\/mark><\/strong><\/h4>\n\n\n\n<p><a href=\"https:\/\/cesctechsupport.com\/wp-content\/uploads\/2021\/09\/sw_infinity_notes_0405.pdf\"><mark style=\"background-color:rgba(0, 0, 0, 0)\" class=\"has-inline-color has-vivid-red-color\">Interfaz de usuario versi\u00f3n 4.05<\/mark><\/a> <mark style=\"background-color:rgba(0, 0, 0, 0)\" class=\"has-inline-color has-black-color\">Versi\u00f3n m\u00e1s actual lanzada el 14-9-2021<\/mark><\/p>\n\n\n\n<p><a href=\"https:\/\/cesctechsupport.com\/es\/video-downloading-the-touchscreen-user-interface-software-to-a-microsd-card\/\"><mark style=\"background-color:rgba(0, 0, 0, 0)\" class=\"has-inline-color has-vivid-red-color\">Descarga del software de la interfaz de usuario con pantalla t\u00e1ctil a una tarjeta Micro SD<\/mark>:<\/a>&nbsp;<mark style=\"background-color:rgba(0, 0, 0, 0)\" class=\"has-inline-color has-black-color\">C\u00f3mo descargar y colocar el software en una tarjeta Micro SD para actualizar una interfaz de usuario con los enlaces anteriores.<\/mark>&nbsp;<\/p>\n\n\n\n<p><a href=\"https:\/\/cesctechsupport.com\/es\/video-downloading-the-ui-software-to-the-microsd-card-from-myinfinitytouch-carrier-com\/\"><mark style=\"background-color:rgba(0, 0, 0, 0)\" class=\"has-inline-color has-vivid-red-color\">Descarga del software de la interfaz de usuario con pantalla t\u00e1ctil a una tarjeta Micro SD<\/mark>:<\/a>&nbsp;<mark style=\"background-color:rgba(0, 0, 0, 0)\" class=\"has-inline-color has-black-color\">C\u00f3mo descargar y colocar el software en una tarjeta Micro SD para actualizar una interfaz de usuario desde myinfinitytouch.com.<\/mark>&nbsp;<\/p>\n\n\n\n<p><mark style=\"background-color:rgba(0, 0, 0, 0)\" class=\"has-inline-color has-black-color\"><strong>Software de unidad exterior de \u00faltima generaci\u00f3n: <\/strong>este software tambi\u00e9n se puede agregar a su tarjeta Micro SD para actualizar el software de la unidad exterior.<\/mark><\/p>\n\n\n\n<p><a rel=\"noreferrer noopener\" href=\"https:\/\/cesctechsupport.com\/wp-content\/uploads\/2021\/12\/sw_infinity_notes_grnspd_0902.pdf\" target=\"_blank\">PCM versi\u00f3n 9.02 <\/a><mark style=\"background-color:rgba(0, 0, 0, 0)\" class=\"has-inline-color has-black-color\">Versi\u00f3n m\u00e1s reciente lanzada el 17-12-2021<\/mark><\/p>\n\n\n\n<p><a href=\"https:\/\/cesctechsupport.com\/es\/video-touchscreen-software-upload\/\"><mark style=\"background-color:rgba(0, 0, 0, 0)\" class=\"has-inline-color has-vivid-red-color\">Carga de software de pantalla t\u00e1ctil<\/mark>:<\/a>&nbsp;&nbsp;<mark style=\"background-color:rgba(0, 0, 0, 0)\" class=\"has-inline-color has-black-color\">C\u00f3mo cargar actualizaciones de software en el control de pantalla t\u00e1ctil.&nbsp;<\/mark><\/p>\n\n\n\n<p> <a href=\"https:\/\/cesctechsupport.com\/es\/video-troubleshooting-communication-code-16\/\">C\u00f3digo 16 Fallo de comunicaci\u00f3n:<\/a> <mark style=\"background-color:rgba(0, 0, 0, 0)\" class=\"has-inline-color has-black-color\">Este video lo guiar\u00e1 a trav\u00e9s de c\u00f3mo solucionar problemas en el circuito de comunicaci\u00f3n.<\/mark> <\/p>\n\n\n\n<p><\/p>","protected":false},"excerpt":{"rendered":"<p>Infinity\/Touchscreen Evolution\/Connex Videos Touchscreen&nbsp;Start Up:&nbsp;1st time commissioning sequence.&nbsp; Touchscreen&nbsp;Service Navigation:&nbsp;Tour of the&nbsp;Install\/Service screens. Touchscreen Inverter Charging Screen:&nbsp;&nbsp;How to access the Inverter charging screen. Updating the User Interface use the links below to get the software: User Interface version 4.05 Most current version released 9-14-2021 Downloading the Touchscreen User Interface software to a Micro SD card:&nbsp;How [&hellip;]<\/p>\n","protected":false},"author":1,"featured_media":0,"parent":0,"menu_order":0,"comment_status":"closed","ping_status":"closed","template":"","meta":{"_coblocks_attr":"","_coblocks_dimensions":"","_coblocks_responsive_height":"","_coblocks_accordion_ie_support":"","_uag_custom_page_level_css":"","site-sidebar-layout":"default","site-content-layout":"","ast-site-content-layout":"default","site-content-style":"default","site-sidebar-style":"default","ast-global-header-display":"","ast-banner-title-visibility":"","ast-main-header-display":"","ast-hfb-above-header-display":"","ast-hfb-below-header-display":"","ast-hfb-mobile-header-display":"","site-post-title":"","ast-breadcrumbs-content":"","ast-featured-img":"","footer-sml-layout":"","ast-disable-related-posts":"","theme-transparent-header-meta":"","adv-header-id-meta":"","stick-header-meta":"","header-above-stick-meta":"","header-main-stick-meta":"","header-below-stick-meta":"","astra-migrate-meta-layouts":"default","ast-page-background-enabled":"default","ast-page-background-meta":{"desktop":{"background-color":"","background-image":"","background-repeat":"repeat","background-position":"center center","background-size":"auto","background-attachment":"scroll","background-type":"","background-media":"","overlay-type":"","overlay-color":"","overlay-opacity":"","overlay-gradient":""},"tablet":{"background-color":"","background-image":"","background-repeat":"repeat","background-position":"center center","background-size":"auto","background-attachment":"scroll","background-type":"","background-media":"","overlay-type":"","overlay-color":"","overlay-opacity":"","overlay-gradient":""},"mobile":{"background-color":"","background-image":"","background-repeat":"repeat","background-position":"center center","background-size":"auto","background-attachment":"scroll","background-type":"","background-media":"","overlay-type":"","overlay-color":"","overlay-opacity":"","overlay-gradient":""}},"ast-content-background-meta":{"desktop":{"background-color":"var(--ast-global-color-5)","background-image":"","background-repeat":"repeat","background-position":"center center","background-size":"auto","background-attachment":"scroll","background-type":"","background-media":"","overlay-type":"","overlay-color":"","overlay-opacity":"","overlay-gradient":""},"tablet":{"background-color":"var(--ast-global-color-5)","background-image":"","background-repeat":"repeat","background-position":"center center","background-size":"auto","background-attachment":"scroll","background-type":"","background-media":"","overlay-type":"","overlay-color":"","overlay-opacity":"","overlay-gradient":""},"mobile":{"background-color":"var(--ast-global-color-5)","background-image":"","background-repeat":"repeat","background-position":"center center","background-size":"auto","background-attachment":"scroll","background-type":"","background-media":"","overlay-type":"","overlay-color":"","overlay-opacity":"","overlay-gradient":""}},"footnotes":""},"class_list":["post-166","page","type-page","status-publish","hentry"],"uagb_featured_image_src":{"full":false,"thumbnail":false,"medium":false,"medium_large":false,"large":false,"1536x1536":false,"2048x2048":false,"trp-custom-language-flag":false},"uagb_author_info":{"display_name":"Josh Goodman","author_link":"https:\/\/cesctechsupport.com\/es\/author\/joshg\/"},"uagb_comment_info":0,"uagb_excerpt":"Infinity\/Touchscreen Evolution\/Connex Videos Touchscreen&nbsp;Start Up:&nbsp;1st time commissioning sequence.&nbsp; Touchscreen&nbsp;Service Navigation:&nbsp;Tour of the&nbsp;Install\/Service screens. Touchscreen Inverter Charging Screen:&nbsp;&nbsp;How to access the Inverter charging screen. Updating the User Interface use the links below to get the software: User Interface version 4.05 Most current version released 9-14-2021 Downloading the Touchscreen User Interface software to a Micro SD card:&nbsp;How&hellip;","_links":{"self":[{"href":"https:\/\/cesctechsupport.com\/es\/wp-json\/wp\/v2\/pages\/166","targetHints":{"allow":["GET"]}}],"collection":[{"href":"https:\/\/cesctechsupport.com\/es\/wp-json\/wp\/v2\/pages"}],"about":[{"href":"https:\/\/cesctechsupport.com\/es\/wp-json\/wp\/v2\/types\/page"}],"author":[{"embeddable":true,"href":"https:\/\/cesctechsupport.com\/es\/wp-json\/wp\/v2\/users\/1"}],"replies":[{"embeddable":true,"href":"https:\/\/cesctechsupport.com\/es\/wp-json\/wp\/v2\/comments?post=166"}],"version-history":[{"count":0,"href":"https:\/\/cesctechsupport.com\/es\/wp-json\/wp\/v2\/pages\/166\/revisions"}],"wp:attachment":[{"href":"https:\/\/cesctechsupport.com\/es\/wp-json\/wp\/v2\/media?parent=166"}],"curies":[{"name":"wp","href":"https:\/\/api.w.org\/{rel}","templated":true}]}}