{"id":164,"date":"2022-03-21T13:45:25","date_gmt":"2022-03-21T17:45:25","guid":{"rendered":"https:\/\/cesctechsupport.com\/?page_id=164"},"modified":"2024-07-07T07:46:46","modified_gmt":"2024-07-07T12:46:46","slug":"installation-videos","status":"publish","type":"page","link":"https:\/\/cesctechsupport.com\/es\/installation-videos\/","title":{"rendered":"V\u00eddeos de instalaci\u00f3n"},"content":{"rendered":"<p><strong><mark style=\"background-color:rgba(0, 0, 0, 0)\" class=\"has-inline-color has-black-color\">V\u00eddeos de instalaci\u00f3n sin conductos<\/mark><\/strong><\/p>\n\n\n\n<p> <a href=\"https:\/\/cesctechsupport.com\/es\/video-rectorseal-97622-safe-t-switch-ss610e-dls-condensate-shutoff-switch\/\">Rectorseal \u2013 97622 Safe-T-Switch SS610E DLS Interruptor de cierre de condensado Instalaci\u00f3n y servicio video:<\/a><mark style=\"background-color:rgba(0, 0, 0, 0)\" class=\"has-inline-color has-black-color\"> En este video, ver\u00e1 c\u00f3mo instalar el interruptor de cierre de condensaci\u00f3n en la nueva unidad de montaje en pared alta 40MAHB, adem\u00e1s de c\u00f3mo restablecer el interruptor una vez que se ha disparado.<\/mark> <\/p>\n\n\n\n<p><strong><mark style=\"background-color:rgba(0, 0, 0, 0)\" class=\"has-inline-color has-black-color\">V\u00eddeos de instalaci\u00f3n de fancoils<\/mark><\/strong><\/p>\n\n\n\n<p><a href=\"https:\/\/cesctechsupport.com\/es\/video-fan-coil-horizontal-right-installation\/\">Instalaci\u00f3n Fan Coil Horizontal Derecha:<\/a> <mark style=\"background-color:rgba(0, 0, 0, 0)\" class=\"has-inline-color has-black-color\">En este video, le mostraremos c\u00f3mo convertir la bobina desde la configuraci\u00f3n lista para usar a la configuraci\u00f3n horizontal, mostr\u00e1ndole todos los pasos para convertir la bobina.<\/mark><\/p>\n\n\n\n<p><a href=\"https:\/\/cesctechsupport.com\/es\/video-fan-coil-downflow-installation\/\">Instalaci\u00f3n de flujo descendente de Fan Coil:<\/a> <mark style=\"background-color:rgba(0, 0, 0, 0)\" class=\"has-inline-color has-black-color\">En este video, le mostraremos c\u00f3mo convertir el serpent\u00edn desde la configuraci\u00f3n lista para usar a la configuraci\u00f3n de flujo descendente, usando el KIT# KFADC0401 y le mostraremos todos los pasos para convertir el serpent\u00edn y el gabinete del fancoil a la configuraci\u00f3n de flujo descendente.<\/mark><\/p>\n\n\n\n<p><strong><mark style=\"background-color:rgba(0, 0, 0, 0)\" class=\"has-inline-color has-black-color\">Todos los v\u00eddeos del horno de gas 90%+<\/mark><\/strong><\/p>\n\n\n\n<p><a href=\"https:\/\/cesctechsupport.com\/es\/video-90-furnace-upflow-with-left-drain-option\/\">Toda la instalaci\u00f3n de flujo ascendente del horno 90%+ con la opci\u00f3n de instalaci\u00f3n de drenaje izquierdo:<\/a><mark style=\"background-color:rgba(0, 0, 0, 0)\" class=\"has-inline-color has-black-color\"> En este video, le mostraremos c\u00f3mo instalar los elementos necesarios para la opci\u00f3n de conexi\u00f3n de drenaje de mano izquierda de instalaci\u00f3n de flujo ascendente.<\/mark><\/p>\n\n\n\n<p><a href=\"https:\/\/cesctechsupport.com\/es\/video-90-furnace-horizontal-right-drain-installation\/\">Todas las instalaciones horizontales derechas del horno 90%+:<\/a> <mark style=\"background-color:rgba(0, 0, 0, 0)\" class=\"has-inline-color has-black-color\">En este video, le mostraremos c\u00f3mo instalar los elementos necesarios para la instalaci\u00f3n horizontal derecha.<\/mark><\/p>\n\n\n\n<p><a href=\"https:\/\/cesctechsupport.com\/es\/video-90-furnace-horizontal-left-drain-installation\/\">Todas las instalaciones izquierdas horizontales del horno 90%+:<\/a> <mark style=\"background-color:rgba(0, 0, 0, 0)\" class=\"has-inline-color has-black-color\">En este video, le mostraremos c\u00f3mo instalar los elementos necesarios para la instalaci\u00f3n horizontal izquierda.<\/mark><\/p>\n\n\n\n<p><a href=\"https:\/\/cesctechsupport.com\/es\/video-90-furnace-downflow-with-right-and-left-drain-options\/\">Todas las instalaciones de flujo descendente del horno 90%+:<\/a> <mark style=\"background-color:rgba(0, 0, 0, 0)\" class=\"has-inline-color has-black-color\">En este video, le mostraremos c\u00f3mo instalar y convertir el calefactor a la posici\u00f3n de instalaci\u00f3n de flujo descendente y convertir el drenaje con la opci\u00f3n de conexi\u00f3n izquierda o derecha.<\/mark><\/p>\n\n\n\n<p><strong><mark style=\"background-color:rgba(0, 0, 0, 0)\" class=\"has-inline-color has-black-color\">Todos los videos de configuraci\u00f3n\/arranque del horno de gas 90%+<\/mark><\/strong><\/p>\n\n\n\n<p><a href=\"https:\/\/cesctechsupport.com\/es\/video-how-to-convert-a-gas-furnace-to-lp-gas-pressure-check\/\"><mark style=\"background-color:rgba(0, 0, 0, 0)\" class=\"has-inline-color has-vivid-red-color\">C\u00f3mo convertir un horno de gas a LP y verificar las presiones de gas<\/mark>:<\/a>\u00a0<mark style=\"background-color:rgba(0, 0, 0, 0)\" class=\"has-inline-color has-black-color\">C\u00f3mo convertir un horno de gas a LP y verificar y ajustar las presiones de gas en hornos de gas residenciales.<\/mark>\u00a0<\/p>\n\n\n\n<p><a href=\"https:\/\/cesctechsupport.com\/es\/video-clocking-a-natural-gas-meter\/\"><mark style=\"background-color:rgba(0, 0, 0, 0)\" class=\"has-inline-color has-vivid-red-color\">C\u00f3mo cronometrar un medidor de gas natural<\/mark><\/a><mark style=\"background-color:rgba(0, 0, 0, 0)\" class=\"has-inline-color has-black-color\">: Este es un video sobre c\u00f3mo calcular la entrada del horno de gas usando el medidor de gas natural del cliente y un reloj para calcular la capacidad de entrada del horno y verificar los ajustes de presi\u00f3n de gas del m\u00faltiple.<\/mark><\/p>\n\n\n\n<p> <a href=\"https:\/\/cesctechsupport.com\/es\/video-troubleshooting-communication-code-16\/\">C\u00f3digo 16 Fallo de comunicaci\u00f3n:<\/a> <span class=\"has-inline-color has-black-color\">Este video lo guiar\u00e1 a trav\u00e9s de c\u00f3mo solucionar problemas en el circuito de comunicaci\u00f3n.<\/span> <\/p>","protected":false},"excerpt":{"rendered":"<p>Ductless Installation videos Rectorseal &#8211; 97622 Safe-T-Switch SS610E DLS Condensate Shutoff Switch Installation &amp; Service video: In this video you will see how to install the condensate shutoff switch on the new 40MAHB High wall mount unit, along with resetting the switch once it has tripped. Fan Coil Installation videos Fan Coil Horizontal Right Installation: [&hellip;]<\/p>\n","protected":false},"author":1,"featured_media":0,"parent":0,"menu_order":0,"comment_status":"closed","ping_status":"closed","template":"","meta":{"_coblocks_attr":"","_coblocks_dimensions":"","_coblocks_responsive_height":"","_coblocks_accordion_ie_support":"","_uag_custom_page_level_css":"","site-sidebar-layout":"default","site-content-layout":"","ast-site-content-layout":"default","site-content-style":"default","site-sidebar-style":"default","ast-global-header-display":"","ast-banner-title-visibility":"","ast-main-header-display":"","ast-hfb-above-header-display":"","ast-hfb-below-header-display":"","ast-hfb-mobile-header-display":"","site-post-title":"","ast-breadcrumbs-content":"","ast-featured-img":"","footer-sml-layout":"","ast-disable-related-posts":"","theme-transparent-header-meta":"","adv-header-id-meta":"","stick-header-meta":"","header-above-stick-meta":"","header-main-stick-meta":"","header-below-stick-meta":"","astra-migrate-meta-layouts":"default","ast-page-background-enabled":"default","ast-page-background-meta":{"desktop":{"background-color":"","background-image":"","background-repeat":"repeat","background-position":"center center","background-size":"auto","background-attachment":"scroll","background-type":"","background-media":"","overlay-type":"","overlay-color":"","overlay-opacity":"","overlay-gradient":""},"tablet":{"background-color":"","background-image":"","background-repeat":"repeat","background-position":"center center","background-size":"auto","background-attachment":"scroll","background-type":"","background-media":"","overlay-type":"","overlay-color":"","overlay-opacity":"","overlay-gradient":""},"mobile":{"background-color":"","background-image":"","background-repeat":"repeat","background-position":"center center","background-size":"auto","background-attachment":"scroll","background-type":"","background-media":"","overlay-type":"","overlay-color":"","overlay-opacity":"","overlay-gradient":""}},"ast-content-background-meta":{"desktop":{"background-color":"var(--ast-global-color-5)","background-image":"","background-repeat":"repeat","background-position":"center center","background-size":"auto","background-attachment":"scroll","background-type":"","background-media":"","overlay-type":"","overlay-color":"","overlay-opacity":"","overlay-gradient":""},"tablet":{"background-color":"var(--ast-global-color-5)","background-image":"","background-repeat":"repeat","background-position":"center center","background-size":"auto","background-attachment":"scroll","background-type":"","background-media":"","overlay-type":"","overlay-color":"","overlay-opacity":"","overlay-gradient":""},"mobile":{"background-color":"var(--ast-global-color-5)","background-image":"","background-repeat":"repeat","background-position":"center center","background-size":"auto","background-attachment":"scroll","background-type":"","background-media":"","overlay-type":"","overlay-color":"","overlay-opacity":"","overlay-gradient":""}},"footnotes":""},"class_list":["post-164","page","type-page","status-publish","hentry"],"uagb_featured_image_src":{"full":false,"thumbnail":false,"medium":false,"medium_large":false,"large":false,"1536x1536":false,"2048x2048":false,"trp-custom-language-flag":false},"uagb_author_info":{"display_name":"Josh Goodman","author_link":"https:\/\/cesctechsupport.com\/es\/author\/joshg\/"},"uagb_comment_info":0,"uagb_excerpt":"Ductless Installation videos Rectorseal &#8211; 97622 Safe-T-Switch SS610E DLS Condensate Shutoff Switch Installation &amp; Service video: In this video you will see how to install the condensate shutoff switch on the new 40MAHB High wall mount unit, along with resetting the switch once it has tripped. Fan Coil Installation videos Fan Coil Horizontal Right Installation:&hellip;","_links":{"self":[{"href":"https:\/\/cesctechsupport.com\/es\/wp-json\/wp\/v2\/pages\/164","targetHints":{"allow":["GET"]}}],"collection":[{"href":"https:\/\/cesctechsupport.com\/es\/wp-json\/wp\/v2\/pages"}],"about":[{"href":"https:\/\/cesctechsupport.com\/es\/wp-json\/wp\/v2\/types\/page"}],"author":[{"embeddable":true,"href":"https:\/\/cesctechsupport.com\/es\/wp-json\/wp\/v2\/users\/1"}],"replies":[{"embeddable":true,"href":"https:\/\/cesctechsupport.com\/es\/wp-json\/wp\/v2\/comments?post=164"}],"version-history":[{"count":0,"href":"https:\/\/cesctechsupport.com\/es\/wp-json\/wp\/v2\/pages\/164\/revisions"}],"wp:attachment":[{"href":"https:\/\/cesctechsupport.com\/es\/wp-json\/wp\/v2\/media?parent=164"}],"curies":[{"name":"wp","href":"https:\/\/api.w.org\/{rel}","templated":true}]}}