{"id":162,"date":"2022-03-21T13:43:14","date_gmt":"2022-03-21T17:43:14","guid":{"rendered":"https:\/\/cesctechsupport.com\/?page_id=162"},"modified":"2024-07-07T07:46:46","modified_gmt":"2024-07-07T12:46:46","slug":"general-hvac-videos","status":"publish","type":"page","link":"https:\/\/cesctechsupport.com\/es\/general-hvac-videos\/","title":{"rendered":"V\u00eddeos generales de climatizaci\u00f3n"},"content":{"rendered":"<p><a href=\"https:\/\/cesctechsupport.com\/es\/video-the-refrigeration-cycle\/\"><mark style=\"background-color:rgba(0, 0, 0, 0)\" class=\"has-inline-color has-vivid-red-color\">El ciclo de refrigeraci\u00f3n<\/mark><\/a><mark style=\"background-color:rgba(0, 0, 0, 0)\" class=\"has-inline-color has-vivid-red-color\">:<\/mark>&nbsp;<mark style=\"background-color:rgba(0, 0, 0, 0)\" class=\"has-inline-color has-black-color\">Explicaci\u00f3n animada del ciclo de refrigeraci\u00f3n.<\/mark><\/p>\n\n\n\n<p><a href=\"https:\/\/cesctechsupport.com\/es\/R_V_Valve_Operation.html\/\"><mark style=\"background-color:rgba(0, 0, 0, 0)\" class=\"has-inline-color has-vivid-red-color\">Re<\/mark><\/a><a href=\"https:\/\/cesctechsupport.com\/es\/video-reversing-valve-operation\/\"><mark style=\"background-color:rgba(0, 0, 0, 0)\" class=\"has-inline-color has-vivid-red-color\">operaci\u00f3n de la v\u00e1lvula<\/mark><\/a>:&nbsp;<mark style=\"background-color:rgba(0, 0, 0, 0)\" class=\"has-inline-color has-black-color\">Explicaci\u00f3n detallada del funcionamiento de la v\u00e1lvula inversora.<\/mark>&nbsp;<\/p>\n\n\n\n<p><a href=\"https:\/\/cesctechsupport.com\/es\/video-reversing-valve-diagnostics\/\"><mark style=\"background-color:rgba(0, 0, 0, 0)\" class=\"has-inline-color has-vivid-red-color\">Diagn\u00f3stico de v\u00e1lvula reversible<\/mark><\/a><mark style=\"background-color:rgba(0, 0, 0, 0)\" class=\"has-inline-color has-black-color\">:<\/mark>&nbsp;<mark style=\"background-color:rgba(0, 0, 0, 0)\" class=\"has-inline-color has-black-color\">C\u00f3mo diagnosticar una v\u00e1lvula inversora.<\/mark><\/p>\n\n\n\n<p><a href=\"https:\/\/cesctechsupport.com\/es\/video-the-subcooling-process\/\"><mark style=\"background-color:rgba(0, 0, 0, 0)\" class=\"has-inline-color has-vivid-red-color\">Proceso de subenfriamiento<\/mark><\/a>:&nbsp;<mark style=\"background-color:rgba(0, 0, 0, 0)\" class=\"has-inline-color has-black-color\">Comprender el proceso de subenfriamiento y c\u00f3mo medirlo.<\/mark><\/p>\n\n\n\n<p><a href=\"https:\/\/cesctechsupport.com\/es\/video-the-superheat-process\/\" target=\"_blank\" rel=\"noreferrer noopener\"><mark style=\"background-color:rgba(0, 0, 0, 0)\" class=\"has-inline-color has-vivid-red-color\">Proceso de sobrecalentamiento<\/mark>:<\/a>&nbsp;<mark style=\"background-color:rgba(0, 0, 0, 0)\" class=\"has-inline-color has-black-color\">Comprender el proceso de sobrecalentamiento y c\u00f3mo medirlo<\/mark>.&nbsp;<\/p>\n\n\n\n<p><a href=\"https:\/\/cesctechsupport.com\/es\/System_Charging.html\/\"><mark style=\"background-color:rgba(0, 0, 0, 0)\" class=\"has-inline-color has-vivid-red-color\">S<\/mark><\/a><a href=\"https:\/\/cesctechsupport.com\/es\/video-system-charging-with-1st-generation-ui\/\"><mark style=\"background-color:rgba(0, 0, 0, 0)\" class=\"has-inline-color has-vivid-red-color\">Carga del sistema<\/mark><\/a><mark style=\"background-color:rgba(0, 0, 0, 0)\" class=\"has-inline-color has-vivid-red-color\"> con la interfaz de usuario de 1.\u00aa generaci\u00f3n<\/mark>:&nbsp;<mark style=\"background-color:rgba(0, 0, 0, 0)\" class=\"has-inline-color has-black-color\">C\u00f3mo cargar un sistema de aire acondicionado.<\/mark><\/p>\n\n\n\n<p><a href=\"https:\/\/cesctechsupport.com\/es\/video-abm-100-training\/\"><mark style=\"background-color:rgba(0, 0, 0, 0)\" class=\"has-inline-color has-vivid-red-color\">Entrenamiento ABM 100<\/mark>:<\/a>&nbsp; <mark style=\"background-color:rgba(0, 0, 0, 0)\" class=\"has-inline-color has-black-color\">Capacitaci\u00f3n en el uso del caudal\u00edmetro de aire ABM 100.<\/mark><\/p>\n\n\n\n<p><a href=\"https:\/\/cesctechsupport.com\/es\/video-alternate-additive-injection-method\/\"><span class=\"has-inline-color has-vivid-red-color\">M\u00e9todo alternativo de inyecci\u00f3n de aditivo<\/span>:<\/a>&nbsp;<span class=\"has-inline-color has-black-color\">C\u00f3mo inyectar el aditivo Zerol Ice en la l\u00ednea de l\u00edquido para obtener resultados m\u00e1s r\u00e1pidos.&nbsp;<\/span><\/p>\n\n\n\n<p><a href=\"https:\/\/cesctechsupport.com\/es\/how-to-check-a-capacitor-while-the-system-is-running\/\" target=\"_blank\" rel=\"noreferrer noopener\">C\u00f3mo comprobar un condensador mientras el sistema est\u00e1 funcionando.<\/a><\/p>","protected":false},"excerpt":{"rendered":"<p>The Refrigeration Cycle:&nbsp;Animated explanation of the refrigeration cycle. Reversing Valve Operation:&nbsp;Detailed explanation of&nbsp;the reversing valve operation.&nbsp; Reversing Valve Diagnostics:&nbsp;How to diagnose a reversing valve. Subcooling Process:&nbsp;Understanding the Subcooling process and how to measure. Superheat Process:&nbsp;Understanding the Superheat process and how to measure.&nbsp; System Charging with the 1st Generation UI:&nbsp;How to charge an A\/C system. ABM [&hellip;]<\/p>\n","protected":false},"author":1,"featured_media":0,"parent":0,"menu_order":0,"comment_status":"closed","ping_status":"closed","template":"","meta":{"_coblocks_attr":"","_coblocks_dimensions":"","_coblocks_responsive_height":"","_coblocks_accordion_ie_support":"","_uag_custom_page_level_css":"","site-sidebar-layout":"default","site-content-layout":"","ast-site-content-layout":"default","site-content-style":"default","site-sidebar-style":"default","ast-global-header-display":"","ast-banner-title-visibility":"","ast-main-header-display":"","ast-hfb-above-header-display":"","ast-hfb-below-header-display":"","ast-hfb-mobile-header-display":"","site-post-title":"","ast-breadcrumbs-content":"","ast-featured-img":"","footer-sml-layout":"","ast-disable-related-posts":"","theme-transparent-header-meta":"","adv-header-id-meta":"","stick-header-meta":"","header-above-stick-meta":"","header-main-stick-meta":"","header-below-stick-meta":"","astra-migrate-meta-layouts":"default","ast-page-background-enabled":"default","ast-page-background-meta":{"desktop":{"background-color":"","background-image":"","background-repeat":"repeat","background-position":"center center","background-size":"auto","background-attachment":"scroll","background-type":"","background-media":"","overlay-type":"","overlay-color":"","overlay-opacity":"","overlay-gradient":""},"tablet":{"background-color":"","background-image":"","background-repeat":"repeat","background-position":"center center","background-size":"auto","background-attachment":"scroll","background-type":"","background-media":"","overlay-type":"","overlay-color":"","overlay-opacity":"","overlay-gradient":""},"mobile":{"background-color":"","background-image":"","background-repeat":"repeat","background-position":"center center","background-size":"auto","background-attachment":"scroll","background-type":"","background-media":"","overlay-type":"","overlay-color":"","overlay-opacity":"","overlay-gradient":""}},"ast-content-background-meta":{"desktop":{"background-color":"var(--ast-global-color-5)","background-image":"","background-repeat":"repeat","background-position":"center center","background-size":"auto","background-attachment":"scroll","background-type":"","background-media":"","overlay-type":"","overlay-color":"","overlay-opacity":"","overlay-gradient":""},"tablet":{"background-color":"var(--ast-global-color-5)","background-image":"","background-repeat":"repeat","background-position":"center center","background-size":"auto","background-attachment":"scroll","background-type":"","background-media":"","overlay-type":"","overlay-color":"","overlay-opacity":"","overlay-gradient":""},"mobile":{"background-color":"var(--ast-global-color-5)","background-image":"","background-repeat":"repeat","background-position":"center center","background-size":"auto","background-attachment":"scroll","background-type":"","background-media":"","overlay-type":"","overlay-color":"","overlay-opacity":"","overlay-gradient":""}},"footnotes":""},"class_list":["post-162","page","type-page","status-publish","hentry"],"uagb_featured_image_src":{"full":false,"thumbnail":false,"medium":false,"medium_large":false,"large":false,"1536x1536":false,"2048x2048":false,"trp-custom-language-flag":false},"uagb_author_info":{"display_name":"Josh Goodman","author_link":"https:\/\/cesctechsupport.com\/es\/author\/joshg\/"},"uagb_comment_info":0,"uagb_excerpt":"The Refrigeration Cycle:&nbsp;Animated explanation of the refrigeration cycle. Reversing Valve Operation:&nbsp;Detailed explanation of&nbsp;the reversing valve operation.&nbsp; Reversing Valve Diagnostics:&nbsp;How to diagnose a reversing valve. Subcooling Process:&nbsp;Understanding the Subcooling process and how to measure. Superheat Process:&nbsp;Understanding the Superheat process and how to measure.&nbsp; System Charging with the 1st Generation UI:&nbsp;How to charge an A\/C system. ABM&hellip;","_links":{"self":[{"href":"https:\/\/cesctechsupport.com\/es\/wp-json\/wp\/v2\/pages\/162","targetHints":{"allow":["GET"]}}],"collection":[{"href":"https:\/\/cesctechsupport.com\/es\/wp-json\/wp\/v2\/pages"}],"about":[{"href":"https:\/\/cesctechsupport.com\/es\/wp-json\/wp\/v2\/types\/page"}],"author":[{"embeddable":true,"href":"https:\/\/cesctechsupport.com\/es\/wp-json\/wp\/v2\/users\/1"}],"replies":[{"embeddable":true,"href":"https:\/\/cesctechsupport.com\/es\/wp-json\/wp\/v2\/comments?post=162"}],"version-history":[{"count":0,"href":"https:\/\/cesctechsupport.com\/es\/wp-json\/wp\/v2\/pages\/162\/revisions"}],"wp:attachment":[{"href":"https:\/\/cesctechsupport.com\/es\/wp-json\/wp\/v2\/media?parent=162"}],"curies":[{"name":"wp","href":"https:\/\/api.w.org\/{rel}","templated":true}]}}