{"id":158,"date":"2022-03-21T13:39:53","date_gmt":"2022-03-21T17:39:53","guid":{"rendered":"https:\/\/cesctechsupport.com\/?page_id=158"},"modified":"2024-07-15T14:18:52","modified_gmt":"2024-07-15T19:18:52","slug":"ductless-videos","status":"publish","type":"page","link":"https:\/\/cesctechsupport.com\/es\/ductless-videos\/","title":{"rendered":"V\u00eddeos sin conductos"},"content":{"rendered":"<div class=\"wp-block-buttons is-content-justification-left is-layout-flex wp-container-core-buttons-is-layout-fc4fd283 wp-block-buttons-is-layout-flex\">\n<div class=\"wp-block-button has-custom-lineheight\" style=\"line-height:2.04;font-size:20px\"><a class=\"wp-block-button__link wp-element-button\" href=\"https:\/\/cesctechsupport.com\/es\/crossover-wiring-selection-tool\/\" target=\"_blank\" rel=\"noreferrer noopener\">Herramienta de selecci\u00f3n de cableado cruzado<\/a><\/div>\n<\/div>\n\n\n\n<p><a rel=\"noreferrer noopener\" href=\"https:\/\/cesctechsupport.com\/wp-content\/uploads\/2021\/06\/CEs-Carrier-Bryant-DLS-Service-Manual.pdf\" target=\"_blank\">Carrier Enterprise Carrier &amp; Bryant Manual de servicio sin conductos<\/a><\/p>\n\n\n\n<p><strong><mark style=\"background-color:rgba(0, 0, 0, 0)\" class=\"has-inline-color has-vivid-red-color\"> NUEVO<\/mark><\/strong> <mark style=\"background-color:rgba(0, 0, 0, 0)\" class=\"has-inline-color has-vivid-red-color\"><a href=\"https:\/\/cesctechsupport.com\/es\/video-40mahb-high-wall-dls-blower-assembly-removal\/\">40MAHB Ensamblaje del soplador de pared alta\/Extracci\u00f3n de la bandeja de condensados:<\/a><\/mark> <mark style=\"background-color:rgba(0, 0, 0, 0)\" class=\"has-inline-color has-black-color\">En este video, ver\u00e1 c\u00f3mo quitar el conjunto del ventilador de la unidad de montaje en pared alta para realizar el mantenimiento y la limpieza de la unidad.<\/mark><\/p>\n\n\n\n<p><a href=\"https:\/\/cesctechsupport.com\/es\/video-rectorseal-97622-safe-t-switch-ss610e-dls-condensate-shutoff-switch\/\">Rectorseal \u2013 97622 Safe-T-Switch SS610E DLS Interruptor de cierre de condensado Instalaci\u00f3n y servicio video:<\/a><mark style=\"background-color:rgba(0, 0, 0, 0)\" class=\"has-inline-color has-black-color\"> En este video, ver\u00e1 c\u00f3mo instalar el interruptor de cierre de condensaci\u00f3n en la nueva unidad de montaje en pared alta 40MAHB, adem\u00e1s de c\u00f3mo restablecer el interruptor una vez que se ha disparado.<\/mark><\/p>\n\n\n\n<p><a href=\"https:\/\/cesctechsupport.com\/es\/video-accessing-the-outdoor-unit-point-check-function-for-multi-head-systems\/\"><mark style=\"background-color:rgba(0, 0, 0, 0)\" class=\"has-inline-color has-vivid-red-color\">Acceso a la funci\u00f3n de verificaci\u00f3n de puntos de la unidad exterior para sistemas de cabezales m\u00faltiples<\/mark><\/a>: <mark style=\"background-color:rgba(0, 0, 0, 0)\" class=\"has-inline-color has-black-color\">Este video le mostrar\u00e1 c\u00f3mo usar la funci\u00f3n Point Check en las unidades exteriores de cabezales m\u00faltiples para ayudar en la resoluci\u00f3n de problemas.<\/mark><\/p>\n\n\n\n<p><a href=\"https:\/\/cesctechsupport.com\/wp-content\/uploads\/2022\/03\/Multi-head-Point-Check-Function-worksheet-2.xlsx\"><mark style=\"background-color:rgba(0, 0, 0, 0)\" class=\"has-inline-color has-vivid-red-color\">Hoja de trabajo de funci\u00f3n de comprobaci\u00f3n de puntos<\/mark><\/a>:<mark style=\"background-color:rgba(0, 0, 0, 0)\" class=\"has-inline-color has-black-color\"> Este es el archivo de Excel utilizado en el video.<\/mark><\/p>\n\n\n\n<p><a href=\"https:\/\/cesctechsupport.com\/es\/video-accessing-the-point-check-function-for-a-single-head-system\/\"><mark style=\"background-color:rgba(0, 0, 0, 0)\" class=\"has-inline-color has-vivid-red-color\">Acceso a la funci\u00f3n de comprobaci\u00f3n de puntos para sistemas de cabezal \u00fanico<\/mark><\/a><mark style=\"background-color:rgba(0, 0, 0, 0)\" class=\"has-inline-color has-vivid-red-color\">:<\/mark> <mark style=\"background-color:rgba(0, 0, 0, 0)\" class=\"has-inline-color has-black-color\">Este video le mostrar\u00e1 c\u00f3mo usar la funci\u00f3n de verificaci\u00f3n de puntos en unidades exteriores de cabezal \u00fanico para ayudar en la soluci\u00f3n de problemas.<\/mark><\/p>\n\n\n\n<p><a href=\"https:\/\/cesctechsupport.com\/wp-content\/uploads\/2022\/03\/Hexdecimal.pdf\" data-type=\"link\" data-id=\"https:\/\/cesctechsupport.com\/wp-content\/uploads\/2022\/03\/Hexdecimal.pdf\" target=\"_blank\" rel=\"noreferrer noopener\"><mark style=\"background-color:rgba(0, 0, 0, 0)\" class=\"has-inline-color has-vivid-red-color\">Archivo PDF para ayudar a decodificar n\u00fameros hexadecimales<\/mark><\/a>: <mark style=\"background-color:rgba(0, 0, 0, 0)\" class=\"has-inline-color has-black-color\">Una vez que tenga su n\u00famero hexadecimal de la pantalla. Mire esta tabla para convertir ese n\u00famero a un n\u00famero decimal y luego multiplique ese n\u00famero por 10 para las RPM del motor del ventilador. Y para el \u00e1ngulo EXV multiplica el n\u00famero decimal por 2.<\/mark><\/p>\n\n\n\n<p><a href=\"https:\/\/cesctechsupport.com\/es\/video-adjusting-the-setting-on-the-indoor-unit\/\"><mark style=\"background-color:rgba(0, 0, 0, 0)\" class=\"has-inline-color has-vivid-red-color\">Ajuste de la configuraci\u00f3n en la unidad interior<\/mark>:<\/a> <mark style=\"background-color:rgba(0, 0, 0, 0)\" class=\"has-inline-color has-black-color\">En este video, explicaremos c\u00f3mo acceder al men\u00fa de configuraci\u00f3n de las unidades interiores sin ductos y ajustar la compensaci\u00f3n de temperatura (calibrar los sensores de temperatura).<\/mark><\/p>\n\n\n\n<p><a rel=\"noreferrer noopener\" href=\"https:\/\/cesctechsupport.com\/wp-content\/uploads\/2020\/07\/Service-remote-0918.pdf\" target=\"_blank\"><mark style=\"background-color:rgba(0, 0, 0, 0)\" class=\"has-inline-color has-vivid-red-color\">Manual de servicio del control remoto inal\u00e1mbrico RG57:<\/mark><\/a> <mark style=\"background-color:rgba(0, 0, 0, 0)\" class=\"has-inline-color has-black-color\">Este es el manual de servicio para los controles remotos inal\u00e1mbricos. Tiene informaci\u00f3n sobre c\u00f3mo verificar la configuraci\u00f3n del sistema y la funci\u00f3n de verificaci\u00f3n de puntos de la unidad interior.<\/mark><\/p>\n\n\n\n<p><a href=\"https:\/\/cesctechsupport.com\/es\/video-of-using-the-rg10-remote-to-enter-the-setup-menu\/\">Ajuste de la configuraci\u00f3n en la unidad interior con el control remoto RG10:<\/a> <mark style=\"background-color:rgba(0, 0, 0, 0)\" class=\"has-inline-color has-black-color\">En este video, explicaremos c\u00f3mo acceder al men\u00fa de configuraci\u00f3n de las unidades interiores sin ductos. En este ejemplo, puede apagar el ventilador interior en modo calor, pero tambi\u00e9n ajustar todas las dem\u00e1s configuraciones y ajustar la compensaci\u00f3n de temperatura (calibrar los sensores de temperatura).<\/mark> Siga las instrucciones al pie de la letra para que funcione como se describe.<\/p>\n\n\n\n<p><a href=\"https:\/\/cesctechsupport.com\/wp-content\/uploads\/2022\/03\/SG-RG10-01.pdf\">Manual de servicio del control remoto inal\u00e1mbrico RG10:<\/a> <mark style=\"background-color:rgba(0, 0, 0, 0)\" class=\"has-inline-color has-black-color\">Este es el manual de servicio para los controles remotos inal\u00e1mbricos. Tiene informaci\u00f3n sobre c\u00f3mo verificar la configuraci\u00f3n del sistema y la funci\u00f3n de verificaci\u00f3n de puntos de la unidad interior.<\/mark><\/p>\n\n\n\n<p><a rel=\"noreferrer noopener\" href=\"https:\/\/cesctechsupport.com\/es\/video-dr-smart-user-guide\/\" target=\"_blank\">Herramienta de diagn\u00f3stico Dr. Smart DLS PN#17222000A55927:<\/a> <mark style=\"background-color:rgba(0, 0, 0, 0)\" class=\"has-inline-color has-black-color\">Este video le mostrar\u00e1 c\u00f3mo usar la herramienta de diagn\u00f3stico Dr. Smart DLS y brindar\u00e1 informaci\u00f3n sobre las capacidades del uso de las herramientas, al solucionar problemas en un sistema DLS.<\/mark> Esto se puede comprar en cualquier ubicaci\u00f3n de Carrier Enterprise Service\/Part Center.<\/p>\n\n\n\n<p><a href=\"https:\/\/cesctechsupport.com\/es\/video-e1-communication-fault-code\/\"><mark style=\"background-color:rgba(0, 0, 0, 0)\" class=\"has-inline-color has-vivid-red-color\">C\u00f3digo de falla de comunicaci\u00f3n E1<\/mark>:<\/a> <mark style=\"background-color:rgba(0, 0, 0, 0)\" class=\"has-inline-color has-black-color\">El video cubre los pasos necesarios para solucionar un c\u00f3digo de falla de comunicaci\u00f3n y verificar el cable S.<\/mark><\/p>\n\n\n\n<p><a href=\"https:\/\/cesctechsupport.com\/es\/video-ipm-malfunction-p0-p4-or-p6-code\/\"><mark style=\"background-color:rgba(0, 0, 0, 0)\" class=\"has-inline-color has-vivid-red-color\">Mal funcionamiento de IPM C\u00f3digo P0, P4 o P6<\/mark>:<\/a> <mark style=\"background-color:rgba(0, 0, 0, 0)\" class=\"has-inline-color has-black-color\">Dependiendo de su unidad, este video lo guiar\u00e1 a trav\u00e9s de los pasos para solucionar los problemas del sistema.<\/mark>.<\/p>\n\n\n\n<p><a href=\"https:\/\/cesctechsupport.com\/es\/video-indoor-outdoor-fan-motors-e3-e8-or-f5-code\/\"><mark style=\"background-color:rgba(0, 0, 0, 0)\" class=\"has-inline-color has-vivid-red-color\">C\u00f3digo de motores de ventilador interior\/exterior E3, E8, F5<\/mark>:<\/a> <mark style=\"background-color:rgba(0, 0, 0, 0)\" class=\"has-inline-color has-black-color\">Dependiendo de su unidad, estos videos lo guiar\u00e1n a trav\u00e9s de los pasos para solucionar los diferentes tipos de motores de ventiladores para interiores y exteriores en sistemas sin conductos.<\/mark><\/p>\n\n\n\n<p class=\"has-black-color has-text-color\"><mark style=\"background-color:rgba(0, 0, 0, 0)\" class=\"has-inline-color has-vivid-red-color\"><a href=\"https:\/\/cesctechsupport.com\/es\/video-the-diamond-pump-installation\/\">Instalaci\u00f3n de bomba de diamante<\/a>:<\/mark>&nbsp;<mark style=\"background-color:rgba(0, 0, 0, 0)\" class=\"has-inline-color has-black-color\">Este video detalla los pasos necesarios para instalar correctamente una bomba Blue Diamond en un controlador de aire de pared alta Carrier Ductless.&nbsp;<\/mark><\/p>","protected":false},"excerpt":{"rendered":"<p>Carrier Enterprise Carrier &amp; Bryant Ductless Service Manual NEW 40MAHB High Wall Blower Assembly\/Condensate pan removal: In this video you will see how to remove the blower assembly from the high wall mount unit for servicing and cleaning of the unit. Rectorseal &#8211; 97622 Safe-T-Switch SS610E DLS Condensate Shutoff Switch Installation &amp; Service video: In [&hellip;]<\/p>\n","protected":false},"author":1,"featured_media":0,"parent":0,"menu_order":0,"comment_status":"closed","ping_status":"closed","template":"","meta":{"_coblocks_attr":"","_coblocks_dimensions":"","_coblocks_responsive_height":"","_coblocks_accordion_ie_support":"","_uag_custom_page_level_css":"","site-sidebar-layout":"default","site-content-layout":"","ast-site-content-layout":"default","site-content-style":"default","site-sidebar-style":"default","ast-global-header-display":"","ast-banner-title-visibility":"","ast-main-header-display":"","ast-hfb-above-header-display":"","ast-hfb-below-header-display":"","ast-hfb-mobile-header-display":"","site-post-title":"","ast-breadcrumbs-content":"","ast-featured-img":"","footer-sml-layout":"","ast-disable-related-posts":"","theme-transparent-header-meta":"","adv-header-id-meta":"","stick-header-meta":"","header-above-stick-meta":"","header-main-stick-meta":"","header-below-stick-meta":"","astra-migrate-meta-layouts":"set","ast-page-background-enabled":"default","ast-page-background-meta":{"desktop":{"background-color":"","background-image":"","background-repeat":"repeat","background-position":"center center","background-size":"auto","background-attachment":"scroll","background-type":"","background-media":"","overlay-type":"","overlay-color":"","overlay-opacity":"","overlay-gradient":""},"tablet":{"background-color":"","background-image":"","background-repeat":"repeat","background-position":"center center","background-size":"auto","background-attachment":"scroll","background-type":"","background-media":"","overlay-type":"","overlay-color":"","overlay-opacity":"","overlay-gradient":""},"mobile":{"background-color":"","background-image":"","background-repeat":"repeat","background-position":"center center","background-size":"auto","background-attachment":"scroll","background-type":"","background-media":"","overlay-type":"","overlay-color":"","overlay-opacity":"","overlay-gradient":""}},"ast-content-background-meta":{"desktop":{"background-color":"var(--ast-global-color-5)","background-image":"","background-repeat":"repeat","background-position":"center center","background-size":"auto","background-attachment":"scroll","background-type":"","background-media":"","overlay-type":"","overlay-color":"","overlay-opacity":"","overlay-gradient":""},"tablet":{"background-color":"var(--ast-global-color-5)","background-image":"","background-repeat":"repeat","background-position":"center center","background-size":"auto","background-attachment":"scroll","background-type":"","background-media":"","overlay-type":"","overlay-color":"","overlay-opacity":"","overlay-gradient":""},"mobile":{"background-color":"var(--ast-global-color-5)","background-image":"","background-repeat":"repeat","background-position":"center center","background-size":"auto","background-attachment":"scroll","background-type":"","background-media":"","overlay-type":"","overlay-color":"","overlay-opacity":"","overlay-gradient":""}},"footnotes":""},"class_list":["post-158","page","type-page","status-publish","hentry"],"uagb_featured_image_src":{"full":false,"thumbnail":false,"medium":false,"medium_large":false,"large":false,"1536x1536":false,"2048x2048":false,"trp-custom-language-flag":false},"uagb_author_info":{"display_name":"Josh Goodman","author_link":"https:\/\/cesctechsupport.com\/es\/author\/joshg\/"},"uagb_comment_info":0,"uagb_excerpt":"Carrier Enterprise Carrier &amp; Bryant Ductless Service Manual NEW 40MAHB High Wall Blower Assembly\/Condensate pan removal: In this video you will see how to remove the blower assembly from the high wall mount unit for servicing and cleaning of the unit. Rectorseal &#8211; 97622 Safe-T-Switch SS610E DLS Condensate Shutoff Switch Installation &amp; Service video: In&hellip;","_links":{"self":[{"href":"https:\/\/cesctechsupport.com\/es\/wp-json\/wp\/v2\/pages\/158","targetHints":{"allow":["GET"]}}],"collection":[{"href":"https:\/\/cesctechsupport.com\/es\/wp-json\/wp\/v2\/pages"}],"about":[{"href":"https:\/\/cesctechsupport.com\/es\/wp-json\/wp\/v2\/types\/page"}],"author":[{"embeddable":true,"href":"https:\/\/cesctechsupport.com\/es\/wp-json\/wp\/v2\/users\/1"}],"replies":[{"embeddable":true,"href":"https:\/\/cesctechsupport.com\/es\/wp-json\/wp\/v2\/comments?post=158"}],"version-history":[{"count":0,"href":"https:\/\/cesctechsupport.com\/es\/wp-json\/wp\/v2\/pages\/158\/revisions"}],"wp:attachment":[{"href":"https:\/\/cesctechsupport.com\/es\/wp-json\/wp\/v2\/media?parent=158"}],"curies":[{"name":"wp","href":"https:\/\/api.w.org\/{rel}","templated":true}]}}