{"id":156,"date":"2022-03-21T13:36:39","date_gmt":"2022-03-21T17:36:39","guid":{"rendered":"https:\/\/cesctechsupport.com\/?page_id=156"},"modified":"2024-07-07T07:46:47","modified_gmt":"2024-07-07T12:46:47","slug":"commercial-hvac-videos","status":"publish","type":"page","link":"https:\/\/cesctechsupport.com\/es\/commercial-hvac-videos\/","title":{"rendered":"Videos comerciales de HVAC"},"content":{"rendered":"<p><a href=\"https:\/\/cesctechsupport.com\/wp-content\/uploads\/2022\/03\/Rooftop-Nomenclature-2.0.pdf\" target=\"_blank\" rel=\"noreferrer noopener\">Nomenclatura del modelo de techo comercial ligero<\/a><\/p>\n\n\n\n<p><a href=\"https:\/\/vimeo.com\/884552383?share=copy\">Instalaci\u00f3n de MicroMetl EconomizerONE:<\/a> C\u00f3mo instalar un economizador MicroMetl en una unidad Carrier Rooftop con un controlador Siemens Climatix<\/p>\n\n\n\n<p><a href=\"https:\/\/cesctechsupport.com\/es\/video-micrometal-economizer-installation\/\" target=\"_blank\" rel=\"noreferrer noopener\"><mark style=\"background-color:rgba(0, 0, 0, 0)\" class=\"has-inline-color has-vivid-red-color\">Instalaci\u00f3n del economizador MicroMetl<\/mark>:<\/a>&nbsp;<mark style=\"background-color:rgba(0, 0, 0, 0)\" class=\"has-inline-color has-black-color\">C\u00f3mo instalar un economizador MicroMetl en una unidad de techo Carrier con controlador Jade. <\/mark><\/p>\n\n\n\n<p><a href=\"https:\/\/cesctechsupport.com\/es\/video-installing-the-jade-economizer\/\" target=\"_blank\" rel=\"noreferrer noopener\"><mark style=\"background-color:rgba(0, 0, 0, 0)\" class=\"has-inline-color has-vivid-red-color\">Instalaci\u00f3n del economizador Jade para ventiladores interiores axiales de paletas<\/mark>:<\/a>  <mark style=\"background-color:rgba(0, 0, 0, 0)\" class=\"has-inline-color has-black-color\">C\u00f3mo instalar un economizador MicroMetl en una unidad de techo Carrier con un ventilador axial Van y un controlador Jade.<\/mark> <\/p>\n\n\n\n<p><a href=\"https:\/\/cesctechsupport.com\/es\/video-setting-up-the-jade-economizer\/\" target=\"_blank\" rel=\"noreferrer noopener\"><mark style=\"background-color:rgba(0, 0, 0, 0)\" class=\"has-inline-color has-vivid-red-color\">Configuraci\u00f3n del economizador de jade para las unidades de ventiladores interiores axiales de paletas<\/mark>:<\/a> <mark style=\"background-color:rgba(0, 0, 0, 0)\" class=\"has-inline-color has-black-color\">C\u00f3mo configurar el economizador MicroMetl en una unidad de techo Carrier con un ventilador axial Van y un controlador Jade.<\/mark><\/p>\n\n\n\n<p><a href=\"https:\/\/cesctechsupport.com\/es\/video-setting-up-the-ecoblue-ecm-fan-motor\/\" target=\"_blank\" rel=\"noreferrer noopener\">Configuraci\u00f3n del motor del ventilador axial de paletas EcoBlue<\/a>: <mark style=\"background-color:rgba(0, 0, 0, 0)\" class=\"has-inline-color has-ast-global-color-8-color\">C\u00f3mo configurar el motor del ventilador EcoBlue Vane Axial.<\/mark><\/p>\n\n\n\n<p><a href=\"https:\/\/cesctechsupport.com\/es\/video-troubleshooting-the-ecoblue-ecm-fan-motor\/\" target=\"_blank\" rel=\"noreferrer noopener\"><mark style=\"background-color:rgba(0, 0, 0, 0)\" class=\"has-inline-color has-vivid-red-color\">Soluci\u00f3n de problemas del motor del ventilador EcoBlue ECM<\/mark> <strong>Video<\/strong>:<\/a> <mark style=\"background-color:rgba(0, 0, 0, 0)\" class=\"has-inline-color has-black-color\">C\u00f3mo solucionar problemas de una unidad de techo Carrier con un ventilador axial de furgoneta.<\/mark><\/p>\n\n\n\n<p><a rel=\"noreferrer noopener\" href=\"https:\/\/cesctechsupport.com\/wp-content\/uploads\/2022\/02\/Vane-Axial-Troubleshooting.pdf\" target=\"_blank\">Soluci\u00f3n de problemas del motor del ventilador EcoBlue ECM <strong>Documento<\/strong><\/a>: <mark style=\"background-color:rgba(0, 0, 0, 0)\" class=\"has-inline-color has-black-color\">C\u00f3mo solucionar problemas de una unidad de techo Carrier con un ventilador axial de furgoneta.<\/mark><\/p>\n\n\n\n<p><a href=\"https:\/\/cesctechsupport.com\/es\/video-disassembly-reassembly-of-the-ecoblue-vane-axial-fan-motor\/\" target=\"_blank\" rel=\"noreferrer noopener\">Desmontaje y montaje del ventilador axial de paletas con tecnolog\u00eda EcoBlue<\/a><\/p>\n\n\n\n<p><mark style=\"background-color:rgba(0, 0, 0, 0)\" class=\"has-inline-color has-black-color\">Diagramas de cableado de color del tablero de terminales central<\/mark>\u00a0 <mark style=\"background-color:rgba(0, 0, 0, 0)\" class=\"has-inline-color has-vivid-red-color\"><a href=\"https:\/\/cesctechsupport.com\/wp-content\/uploads\/2022\/03\/CTB-1.pdf\" target=\"_blank\" rel=\"noreferrer noopener\">AQU\u00cd<\/a><\/mark><\/p>\n\n\n\n<p><mark style=\"background-color:rgba(0, 0, 0, 0)\" class=\"has-inline-color has-black-color\">Controles ComfortLink versi\u00f3n 10.x<\/mark>   <mark style=\"background-color:rgba(0, 0, 0, 0)\" class=\"has-inline-color has-vivid-red-color\"><a href=\"https:\/\/cesctechsupport.com\/wp-content\/uploads\/2022\/03\/48_50A-14T-1.pdf\" target=\"_blank\" rel=\"noreferrer noopener\">AQU\u00cd <\/a><\/mark><\/p>\n\n\n\n<p><mark style=\"background-color:rgba(0, 0, 0, 0)\" class=\"has-inline-color has-black-color\">Soluci\u00f3n de problemas del sensor de efecto Hall<\/mark> <mark style=\"background-color:rgba(0, 0, 0, 0)\" class=\"has-inline-color has-vivid-red-color\"><a href=\"https:\/\/cesctechsupport.com\/wp-content\/uploads\/2022\/03\/Hall-Effect-Sensor-Troubleshooting.pdf\" target=\"_blank\" rel=\"noreferrer noopener\">AQU\u00cd<\/a><\/mark><\/p>\n\n\n\n<p><mark style=\"background-color:rgba(0, 0, 0, 0)\" class=\"has-inline-color has-black-color\">C\u00f3digos de resoluci\u00f3n de problemas de IGC (control de gas integrado)<\/mark><mark style=\"background-color:rgba(0, 0, 0, 0)\" class=\"has-inline-color has-vivid-red-color\"> <a href=\"https:\/\/cesctechsupport.com\/wp-content\/uploads\/2022\/03\/IGC-Fault-troubleshooting-v3.pdf\" target=\"_blank\" rel=\"noreferrer noopener\">AQU\u00cd<\/a><\/mark><\/p>\n\n\n\n<h2 class=\"wp-block-heading\" id=\"system-vu\">Sistema Vu <\/h2>\n\n\n\n<p><a href=\"https:\/\/cesctechsupport.com\/es\/video-initial-system-start-up-1-introduction-quick-set-checklist\/\" target=\"_blank\" rel=\"noreferrer noopener\">Introducci\u00f3n y lista de verificaci\u00f3n de la puesta en marcha inicial del sistema<\/a><\/p>\n\n\n\n<p><a href=\"https:\/\/cesctechsupport.com\/es\/video-initial-system-start-up-2-network-checklist\/\" target=\"_blank\" rel=\"noreferrer noopener\">Lista de verificaci\u00f3n de la red para la puesta en marcha inicial del sistema<\/a><\/p>\n\n\n\n<p><a href=\"https:\/\/cesctechsupport.com\/es\/video-initial-system-start-up-3-system-auto-test\/\">Puesta en marcha inicial del sistema Prueba autom\u00e1tica del sistema<\/a><\/p>\n\n\n\n<p><a href=\"https:\/\/cesctechsupport.com\/es\/video-of-system-vu-indoor-fan-speeds\/\" target=\"_blank\" rel=\"noreferrer noopener\">Velocidades del ventilador interior System Vu<\/a><\/p>\n\n\n\n<p><a href=\"https:\/\/cesctechsupport.com\/es\/video-of-system-vu-temperature-demand-control-setup\/\">Configuraci\u00f3n del control de demanda de temperatura System Vu<\/a><\/p>\n\n\n\n<p><a href=\"https:\/\/cesctechsupport.com\/es\/video-of-system-vu-temperature-economizer-minimum-position-basics\/\" target=\"_blank\" rel=\"noreferrer noopener\">Conceptos b\u00e1sicos de la posici\u00f3n m\u00ednima del economizador System Vu<\/a><\/p>\n\n\n\n<p><a href=\"https:\/\/cesctechsupport.com\/es\/video-of-system-vu-temperature-economizer-minimum-position\/\" target=\"_blank\" rel=\"noreferrer noopener\">Posici\u00f3n m\u00ednima del economizador System Vu <\/a><\/p>\n\n\n\n<p><\/p>","protected":false},"excerpt":{"rendered":"<p>Light Commercial Rooftop Model Nomenclature MicroMetl EconomizerONE Installation: How to install a MicroMetl Economizer on a Carrier Rooftop Unit with a Siemens Climatix Controller MicroMetl Economizer Installation:&nbsp;How to install a MicroMetl Economizer on a Carrier Rooftop Unit with Jade Controller. Installing the Jade Economizer For Vane Axial Indoor Fan Units: How to install a MicroMetl [&hellip;]<\/p>\n","protected":false},"author":1,"featured_media":0,"parent":0,"menu_order":0,"comment_status":"closed","ping_status":"closed","template":"","meta":{"_coblocks_attr":"","_coblocks_dimensions":"","_coblocks_responsive_height":"","_coblocks_accordion_ie_support":"","_uag_custom_page_level_css":"","site-sidebar-layout":"default","site-content-layout":"","ast-site-content-layout":"default","site-content-style":"default","site-sidebar-style":"default","ast-global-header-display":"","ast-banner-title-visibility":"","ast-main-header-display":"","ast-hfb-above-header-display":"","ast-hfb-below-header-display":"","ast-hfb-mobile-header-display":"","site-post-title":"","ast-breadcrumbs-content":"","ast-featured-img":"","footer-sml-layout":"","ast-disable-related-posts":"","theme-transparent-header-meta":"","adv-header-id-meta":"","stick-header-meta":"","header-above-stick-meta":"","header-main-stick-meta":"","header-below-stick-meta":"","astra-migrate-meta-layouts":"set","ast-page-background-enabled":"default","ast-page-background-meta":{"desktop":{"background-color":"","background-image":"","background-repeat":"repeat","background-position":"center center","background-size":"auto","background-attachment":"scroll","background-type":"","background-media":"","overlay-type":"","overlay-color":"","overlay-opacity":"","overlay-gradient":""},"tablet":{"background-color":"","background-image":"","background-repeat":"repeat","background-position":"center center","background-size":"auto","background-attachment":"scroll","background-type":"","background-media":"","overlay-type":"","overlay-color":"","overlay-opacity":"","overlay-gradient":""},"mobile":{"background-color":"","background-image":"","background-repeat":"repeat","background-position":"center center","background-size":"auto","background-attachment":"scroll","background-type":"","background-media":"","overlay-type":"","overlay-color":"","overlay-opacity":"","overlay-gradient":""}},"ast-content-background-meta":{"desktop":{"background-color":"var(--ast-global-color-5)","background-image":"","background-repeat":"repeat","background-position":"center center","background-size":"auto","background-attachment":"scroll","background-type":"","background-media":"","overlay-type":"","overlay-color":"","overlay-opacity":"","overlay-gradient":""},"tablet":{"background-color":"var(--ast-global-color-5)","background-image":"","background-repeat":"repeat","background-position":"center center","background-size":"auto","background-attachment":"scroll","background-type":"","background-media":"","overlay-type":"","overlay-color":"","overlay-opacity":"","overlay-gradient":""},"mobile":{"background-color":"var(--ast-global-color-5)","background-image":"","background-repeat":"repeat","background-position":"center center","background-size":"auto","background-attachment":"scroll","background-type":"","background-media":"","overlay-type":"","overlay-color":"","overlay-opacity":"","overlay-gradient":""}},"footnotes":""},"class_list":["post-156","page","type-page","status-publish","hentry"],"uagb_featured_image_src":{"full":false,"thumbnail":false,"medium":false,"medium_large":false,"large":false,"1536x1536":false,"2048x2048":false,"trp-custom-language-flag":false},"uagb_author_info":{"display_name":"Josh Goodman","author_link":"https:\/\/cesctechsupport.com\/es\/author\/joshg\/"},"uagb_comment_info":0,"uagb_excerpt":"Light Commercial Rooftop Model Nomenclature MicroMetl EconomizerONE Installation: How to install a MicroMetl Economizer on a Carrier Rooftop Unit with a Siemens Climatix Controller MicroMetl Economizer Installation:&nbsp;How to install a MicroMetl Economizer on a Carrier Rooftop Unit with Jade Controller. Installing the Jade Economizer For Vane Axial Indoor Fan Units: How to install a MicroMetl&hellip;","_links":{"self":[{"href":"https:\/\/cesctechsupport.com\/es\/wp-json\/wp\/v2\/pages\/156","targetHints":{"allow":["GET"]}}],"collection":[{"href":"https:\/\/cesctechsupport.com\/es\/wp-json\/wp\/v2\/pages"}],"about":[{"href":"https:\/\/cesctechsupport.com\/es\/wp-json\/wp\/v2\/types\/page"}],"author":[{"embeddable":true,"href":"https:\/\/cesctechsupport.com\/es\/wp-json\/wp\/v2\/users\/1"}],"replies":[{"embeddable":true,"href":"https:\/\/cesctechsupport.com\/es\/wp-json\/wp\/v2\/comments?post=156"}],"version-history":[{"count":0,"href":"https:\/\/cesctechsupport.com\/es\/wp-json\/wp\/v2\/pages\/156\/revisions"}],"wp:attachment":[{"href":"https:\/\/cesctechsupport.com\/es\/wp-json\/wp\/v2\/media?parent=156"}],"curies":[{"name":"wp","href":"https:\/\/api.w.org\/{rel}","templated":true}]}}