{"id":137,"date":"2022-03-17T15:36:01","date_gmt":"2022-03-17T19:36:01","guid":{"rendered":"https:\/\/cesctechsupport.com\/?page_id=137"},"modified":"2024-07-07T07:46:47","modified_gmt":"2024-07-07T12:46:47","slug":"meet-the-team","status":"publish","type":"page","link":"https:\/\/cesctechsupport.com\/es\/meet-the-team\/","title":{"rendered":"Conocer al equipo"},"content":{"rendered":"<div class=\"wp-block-columns is-layout-flex wp-container-core-columns-is-layout-28f84493 wp-block-columns-is-layout-flex\">\n<div class=\"wp-block-column is-layout-flow wp-block-column-is-layout-flow\">\n<figure class=\"wp-block-image alignleft size-full is-resized is-style-default\"><img loading=\"lazy\" decoding=\"async\" width=\"815\" height=\"798\" src=\"https:\/\/cesctechsupport.com\/wp-content\/uploads\/2022\/08\/Logo6-FINAL.png\" alt=\"\" class=\"wp-image-37368\" style=\"width:204px;height:200px\" srcset=\"https:\/\/cesctechsupport.com\/wp-content\/uploads\/2022\/08\/Logo6-FINAL.png 815w, https:\/\/cesctechsupport.com\/wp-content\/uploads\/2022\/08\/Logo6-FINAL-300x294.png 300w, https:\/\/cesctechsupport.com\/wp-content\/uploads\/2022\/08\/Logo6-FINAL-768x752.png 768w, https:\/\/cesctechsupport.com\/wp-content\/uploads\/2022\/08\/Logo6-FINAL-600x587.png 600w\" sizes=\"auto, (max-width: 815px) 100vw, 815px\" \/><\/figure>\n<\/div>\n\n\n\n<div class=\"wp-block-column is-layout-flow wp-block-column-is-layout-flow\">\n<div style=\"height:40px\" aria-hidden=\"true\" class=\"wp-block-spacer\"><\/div>\n\n\n\n<p class=\"has-text-align-center\" style=\"font-size:35px\">Conocer al equipo<\/p>\n<\/div>\n\n\n\n<div class=\"wp-block-column is-layout-flow wp-block-column-is-layout-flow\"><\/div>\n<\/div>\n\n\n\n<figure class=\"wp-block-image aligncenter size-full size-medium is-style-default\"><img loading=\"lazy\" decoding=\"async\" width=\"241\" height=\"253\" src=\"https:\/\/cesctechsupport.com\/wp-content\/uploads\/2023\/03\/Joe-Sutterfield-2.png\" alt=\"\" class=\"wp-image-46529\"\/><\/figure>\n\n\n\n<p class=\"has-text-align-center has-custom-lineheight\" style=\"line-height:2.08;font-size:22px\"><mark style=\"background-color:rgba(0, 0, 0, 0)\" class=\"has-inline-color has-black-color\"><strong>joe sutterfield<br>Gerente Regional de Aseguramiento y Garant\u00eda del Cliente South Central<\/strong><\/mark><\/p>\n\n\n\n<p class=\"has-text-align-left\">Jos\u00e9 <mark style=\"background-color:rgba(0, 0, 0, 0)\" class=\"has-inline-color has-black-color\">aporta m\u00e1s de 43 a\u00f1os de experiencia en HVAC a la organizaci\u00f3n de soporte t\u00e9cnico de Carrier Enterprise. Joe se ha desempe\u00f1ado como instalador, t\u00e9cnico de servicio, gerente de servicio, gerente general y propietario de una empresa de HVACR en el \u00e1rea del norte de Texas. <\/mark><\/p>\n\n\n\n<p class=\"has-text-align-left\"><mark style=\"background-color:rgba(0, 0, 0, 0)\" class=\"has-inline-color has-black-color\">Joe se uni\u00f3 a Carrier Enterprise en 2011, donde contin\u00faa brindando asistencia t\u00e9cnica por tel\u00e9fono y visitas en persona al sitio. Joe tambi\u00e9n realiza cursos de capacitaci\u00f3n en aspectos t\u00e9cnicos y de gesti\u00f3n. Joe comenz\u00f3 su carrera docente en North Texas ACCA en 1995 y ha impartido m\u00e1s de 800 clases de HVACR y m\u00e1s de 16,000 estudiantes.<\/mark> Joe sirvi\u00f3 en la junta directiva de ambos <mark style=\"background-color:rgba(0, 0, 0, 0)\" class=\"has-inline-color has-black-color\">ACCA del norte de Texas<\/mark> y el cap\u00edtulo ACCA del estado de Texas. Fue miembro fundador de la Construction Education Foundation y se desempe\u00f1\u00f3 como consultor de ex\u00e1menes para ACE y luego para NATE. Joe es copresidente activo del evento HVACR para la competencia National SkillsUSA.<\/p>\n\n\n\n<hr class=\"wp-block-separator has-css-opacity\"\/>\n\n\n\n<h1 class=\"wp-block-heading has-text-align-center\"><strong>EQUIPO DE GARANT\u00cdA AL CLIENTE<\/strong><\/h1>\n\n\n\n<hr class=\"wp-block-separator has-css-opacity\"\/>\n\n\n\n<div class=\"wp-block-columns is-layout-flex wp-container-core-columns-is-layout-28f84493 wp-block-columns-is-layout-flex\">\n<div class=\"wp-block-column is-layout-flow wp-block-column-is-layout-flow\" style=\"flex-basis:33.33%\">\n<figure class=\"wp-block-image size-full is-resized is-style-default\"><img loading=\"lazy\" decoding=\"async\" width=\"497\" height=\"568\" src=\"https:\/\/cesctechsupport.com\/wp-content\/uploads\/2022\/04\/Bucklels-Dennis-1.jpg\" alt=\"\" class=\"wp-image-1833\" style=\"width:208px;height:237px\" srcset=\"https:\/\/cesctechsupport.com\/wp-content\/uploads\/2022\/04\/Bucklels-Dennis-1.jpg 497w, https:\/\/cesctechsupport.com\/wp-content\/uploads\/2022\/04\/Bucklels-Dennis-1-263x300.jpg 263w\" sizes=\"auto, (max-width: 497px) 100vw, 497px\" \/><\/figure>\n<\/div>\n\n\n\n<div class=\"wp-block-column is-layout-flow wp-block-column-is-layout-flow\" style=\"flex-basis:66.66%\">\n<p><strong>dennis hebillas&nbsp;<\/strong>es el especialista en soporte t\u00e9cnico de VRF-Ductless y ha sido miembro del equipo de garant\u00eda del cliente de South Central desde 2011. Aporta m\u00e1s de 40 a\u00f1os de experiencia al equipo. Dennis comenz\u00f3 a una edad temprana en la vida en una empresa familiar en Florida y ha estado con los principales contratistas en el mercado de DFW desde 1984 sirviendo en el campo instalando y dando servicio a equipos y en la gesti\u00f3n liderando con \u00e9xito equipos para sobresalir. Su pasi\u00f3n por la tecnolog\u00eda en nuestra industria es insuperable. Le encanta compartir su experiencia (tanto buena como mala) de su tiempo en el campo.<\/p>\n<\/div>\n<\/div>\n\n\n\n<div class=\"inherit-container-width wp-block-group is-layout-constrained wp-block-group-is-layout-constrained\"><div class=\"wp-block-group__inner-container\">\n<div class=\"inherit-container-width wp-block-group is-layout-constrained wp-block-group-is-layout-constrained\"><div class=\"wp-block-group__inner-container\">\n<hr class=\"wp-block-separator has-css-opacity\"\/>\n<\/div><\/div>\n<\/div><\/div>\n\n\n\n<div class=\"inherit-container-width wp-block-group is-layout-constrained wp-block-group-is-layout-constrained\"><div class=\"wp-block-group__inner-container\">\n<div class=\"wp-block-columns is-layout-flex wp-container-core-columns-is-layout-28f84493 wp-block-columns-is-layout-flex\">\n<div class=\"wp-block-column is-layout-flow wp-block-column-is-layout-flow\" style=\"flex-basis:66.66%\">\n<p><strong>jason chapman<\/strong> se uni\u00f3 al equipo en 2020. Se gradu\u00f3 en 1995 de Wills Point High School en Wills Point Texas. Jason se gradu\u00f3 de un colegio t\u00e9cnico de HVAC en 1997 y comenz\u00f3 su carrera en la industria de HVAC. En el pasado, Jason administr\u00f3 los departamentos de instalaci\u00f3n y servicio, as\u00ed como tambi\u00e9n las operaciones. Jason es fuerte en sistemas de control y automatizaci\u00f3n de edificios, comerciales y residenciales. Desde que se uni\u00f3 a Carrier Enterprise, Jason asumi\u00f3 el cargo de Coordinador de capacitaci\u00f3n regional, obtuvo la certificaci\u00f3n en Carrier iVu Systems CS e IS y tambi\u00e9n administra el sitio web de soporte t\u00e9cnico y capacitaci\u00f3n.<\/p>\n<\/div>\n\n\n\n<div class=\"wp-block-column is-layout-flow wp-block-column-is-layout-flow\" style=\"flex-basis:33.33%\">\n<figure class=\"wp-block-image alignright size-full is-resized is-style-default\"><img loading=\"lazy\" decoding=\"async\" width=\"569\" height=\"620\" src=\"https:\/\/cesctechsupport.com\/wp-content\/uploads\/2022\/04\/Jason-Chapman-No-Background-2.png\" alt=\"\" class=\"wp-image-1846\" style=\"width:213px;height:231px\" srcset=\"https:\/\/cesctechsupport.com\/wp-content\/uploads\/2022\/04\/Jason-Chapman-No-Background-2.png 569w, https:\/\/cesctechsupport.com\/wp-content\/uploads\/2022\/04\/Jason-Chapman-No-Background-2-275x300.png 275w\" sizes=\"auto, (max-width: 569px) 100vw, 569px\" \/><\/figure>\n<\/div>\n<\/div>\n<\/div><\/div>\n\n\n\n<hr class=\"wp-block-separator has-css-opacity\"\/>\n\n\n\n<div class=\"wp-block-columns is-layout-flex wp-container-core-columns-is-layout-28f84493 wp-block-columns-is-layout-flex\">\n<div class=\"wp-block-column is-layout-flow wp-block-column-is-layout-flow\" style=\"flex-basis:33.33%\">\n<figure class=\"wp-block-image size-full is-resized is-style-default\"><img loading=\"lazy\" decoding=\"async\" width=\"755\" height=\"702\" src=\"https:\/\/cesctechsupport.com\/wp-content\/uploads\/2022\/04\/Copeland-Ronald-4.jpg\" alt=\"\" class=\"wp-image-1848\" style=\"width:227px;height:210px\" srcset=\"https:\/\/cesctechsupport.com\/wp-content\/uploads\/2022\/04\/Copeland-Ronald-4.jpg 755w, https:\/\/cesctechsupport.com\/wp-content\/uploads\/2022\/04\/Copeland-Ronald-4-300x279.jpg 300w, https:\/\/cesctechsupport.com\/wp-content\/uploads\/2022\/04\/Copeland-Ronald-4-600x558.jpg 600w\" sizes=\"auto, (max-width: 755px) 100vw, 755px\" \/><\/figure>\n<\/div>\n\n\n\n<div class=\"wp-block-column is-layout-flow wp-block-column-is-layout-flow\" style=\"flex-basis:66.66%\">\n<p><strong>ron copeland<\/strong>&nbsp;comenz\u00f3 su carrera en la industria HVAC con su padre a la edad de 17 a\u00f1os fabricando una variedad de art\u00edculos de chapa. En 1984, Ron comenz\u00f3 su carrera en soporte t\u00e9cnico. Ron ha sido nominado para el premio al t\u00e9cnico superior en los EE. UU. 5 veces y recibi\u00f3 el premio en 2016. En 2017, Ron se uni\u00f3 a Carrier Enterprise como Gerente de Garant\u00eda del Cliente, aportando m\u00e1s de 35 a\u00f1os de experiencia a nuestro equipo, donde utiliza sus habilidades adquiridas. y conocimientos en la realizaci\u00f3n de soporte t\u00e9cnico telef\u00f3nico, soporte de campo, garant\u00eda y soporte de venta, as\u00ed como la creaci\u00f3n y realizaci\u00f3n de cursos de capacitaci\u00f3n t\u00e9cnica.<\/p>\n<\/div>\n<\/div>\n\n\n\n<div class=\"inherit-container-width wp-block-group is-layout-constrained wp-block-group-is-layout-constrained\"><div class=\"wp-block-group__inner-container\"><\/div><\/div>\n\n\n\n<hr class=\"wp-block-separator has-css-opacity\"\/>\n\n\n\n<hr class=\"wp-block-separator has-css-opacity\"\/>\n\n\n\n<div class=\"wp-block-uagb-container uagb-block-071f1b64 alignfull uagb-is-root-container\"><div class=\"uagb-container-inner-blocks-wrap\">\n<div class=\"wp-block-uagb-container uagb-block-dac6e6fb\">\n<p><strong>marco villarreal <\/strong>se incorpor\u00f3 a CE en enero de 2023. Marco aporta m\u00e1s de 35 a\u00f1os de experiencia en HVAC, principalmente comercial pesado, al equipo de soporte t\u00e9cnico. Ha trabajado durante muchos a\u00f1os en HVAC comerciales pesados, incluidos varios a\u00f1os con Carrier Commercial Services. En su tiempo libre, a Marco le gusta recorrer las colinas de Texas en su motocicleta con su esposa, pescar en agua dulce y salada y hacer ejercicio.<\/p>\n<\/div>\n\n\n\n<div class=\"wp-block-uagb-container uagb-block-1fad5a47\">\n<figure class=\"wp-block-image size-full\"><img loading=\"lazy\" decoding=\"async\" width=\"299\" height=\"246\" src=\"https:\/\/cesctechsupport.com\/wp-content\/uploads\/2023\/03\/Marco-Villareal.png\" alt=\"\" class=\"wp-image-46525\"\/><\/figure>\n<\/div>\n<\/div><\/div>","protected":false},"excerpt":{"rendered":"<p>Meet the Team Joe SutterfieldRegional Manager of Customer Assurance &amp; Warranty South Central Joe brings 43+ years of HVAC experience to the Carrier Enterprise technical support organization. Joe has served as installer, service technician, service manager, general manager, and owner of a HVACR company in the North Texas area. Joe joined Carrier Enterprise in 2011 [&hellip;]<\/p>\n","protected":false},"author":3,"featured_media":0,"parent":0,"menu_order":0,"comment_status":"closed","ping_status":"closed","template":"","meta":{"_coblocks_attr":"","_coblocks_dimensions":"","_coblocks_responsive_height":"","_coblocks_accordion_ie_support":"","_uag_custom_page_level_css":"","site-sidebar-layout":"default","site-content-layout":"","ast-site-content-layout":"default","site-content-style":"default","site-sidebar-style":"default","ast-global-header-display":"","ast-banner-title-visibility":"","ast-main-header-display":"","ast-hfb-above-header-display":"","ast-hfb-below-header-display":"","ast-hfb-mobile-header-display":"","site-post-title":"disabled","ast-breadcrumbs-content":"","ast-featured-img":"","footer-sml-layout":"","ast-disable-related-posts":"","theme-transparent-header-meta":"","adv-header-id-meta":"","stick-header-meta":"","header-above-stick-meta":"","header-main-stick-meta":"","header-below-stick-meta":"","astra-migrate-meta-layouts":"set","ast-page-background-enabled":"default","ast-page-background-meta":{"desktop":{"background-color":"","background-image":"","background-repeat":"repeat","background-position":"center center","background-size":"auto","background-attachment":"scroll","background-type":"","background-media":"","overlay-type":"","overlay-color":"","overlay-opacity":"","overlay-gradient":""},"tablet":{"background-color":"","background-image":"","background-repeat":"repeat","background-position":"center center","background-size":"auto","background-attachment":"scroll","background-type":"","background-media":"","overlay-type":"","overlay-color":"","overlay-opacity":"","overlay-gradient":""},"mobile":{"background-color":"","background-image":"","background-repeat":"repeat","background-position":"center center","background-size":"auto","background-attachment":"scroll","background-type":"","background-media":"","overlay-type":"","overlay-color":"","overlay-opacity":"","overlay-gradient":""}},"ast-content-background-meta":{"desktop":{"background-color":"var(--ast-global-color-5)","background-image":"","background-repeat":"repeat","background-position":"center center","background-size":"auto","background-attachment":"scroll","background-type":"","background-media":"","overlay-type":"","overlay-color":"","overlay-opacity":"","overlay-gradient":""},"tablet":{"background-color":"var(--ast-global-color-5)","background-image":"","background-repeat":"repeat","background-position":"center center","background-size":"auto","background-attachment":"scroll","background-type":"","background-media":"","overlay-type":"","overlay-color":"","overlay-opacity":"","overlay-gradient":""},"mobile":{"background-color":"var(--ast-global-color-5)","background-image":"","background-repeat":"repeat","background-position":"center center","background-size":"auto","background-attachment":"scroll","background-type":"","background-media":"","overlay-type":"","overlay-color":"","overlay-opacity":"","overlay-gradient":""}},"footnotes":""},"class_list":["post-137","page","type-page","status-publish","hentry"],"uagb_featured_image_src":{"full":false,"thumbnail":false,"medium":false,"medium_large":false,"large":false,"1536x1536":false,"2048x2048":false,"trp-custom-language-flag":false},"uagb_author_info":{"display_name":"Joe Sutterfield","author_link":"https:\/\/cesctechsupport.com\/es\/author\/joes\/"},"uagb_comment_info":0,"uagb_excerpt":"Meet the Team Joe SutterfieldRegional Manager of Customer Assurance &amp; Warranty South Central Joe brings 43+ years of HVAC experience to the Carrier Enterprise technical support organization. Joe has served as installer, service technician, service manager, general manager, and owner of a HVACR company in the North Texas area. Joe joined Carrier Enterprise in 2011&hellip;","_links":{"self":[{"href":"https:\/\/cesctechsupport.com\/es\/wp-json\/wp\/v2\/pages\/137","targetHints":{"allow":["GET"]}}],"collection":[{"href":"https:\/\/cesctechsupport.com\/es\/wp-json\/wp\/v2\/pages"}],"about":[{"href":"https:\/\/cesctechsupport.com\/es\/wp-json\/wp\/v2\/types\/page"}],"author":[{"embeddable":true,"href":"https:\/\/cesctechsupport.com\/es\/wp-json\/wp\/v2\/users\/3"}],"replies":[{"embeddable":true,"href":"https:\/\/cesctechsupport.com\/es\/wp-json\/wp\/v2\/comments?post=137"}],"version-history":[{"count":0,"href":"https:\/\/cesctechsupport.com\/es\/wp-json\/wp\/v2\/pages\/137\/revisions"}],"wp:attachment":[{"href":"https:\/\/cesctechsupport.com\/es\/wp-json\/wp\/v2\/media?parent=137"}],"curies":[{"name":"wp","href":"https:\/\/api.w.org\/{rel}","templated":true}]}}