{"id":109,"date":"2022-03-17T15:29:30","date_gmt":"2022-03-17T15:29:30","guid":{"rendered":"https:\/\/cesctechsupport.com\/?page_id=109"},"modified":"2024-07-07T07:46:47","modified_gmt":"2024-07-07T12:46:47","slug":"troubleshooting-videos","status":"publish","type":"page","link":"https:\/\/cesctechsupport.com\/es\/troubleshooting-videos\/","title":{"rendered":"V\u00eddeos de soluci\u00f3n de problemas"},"content":{"rendered":"<div class=\"wp-block-media-text alignwide has-media-on-the-right is-stacked-on-mobile is-image-fill is-style-default\"><figure class=\"wp-block-media-text__media\" style=\"background-image:url(https:\/\/cesctechsupport.com\/wp-content\/uploads\/2022\/03\/Carrier_3_RearViewSeeThrough-v4.png);background-position:50% 50%\"><a href=\"https:\/\/cesctechsupport.com\/es\/variable-speed-systems\/\"><img loading=\"lazy\" decoding=\"async\" width=\"468\" height=\"533\" src=\"https:\/\/cesctechsupport.com\/wp-content\/uploads\/2022\/03\/Carrier_3_RearViewSeeThrough-v4.png\" alt=\"\" class=\"wp-image-474 size-full\" srcset=\"https:\/\/cesctechsupport.com\/wp-content\/uploads\/2022\/03\/Carrier_3_RearViewSeeThrough-v4.png 468w, https:\/\/cesctechsupport.com\/wp-content\/uploads\/2022\/03\/Carrier_3_RearViewSeeThrough-v4-263x300.png 263w\" sizes=\"auto, (max-width: 468px) 100vw, 468px\" \/><\/a><\/figure><div class=\"wp-block-media-text__content\">\n<p><a href=\"https:\/\/cesctechsupport.com\/es\/variable-speed-systems\/\"><span class=\"has-inline-color has-vivid-red-color\"><strong>V\u00eddeos del sistema de velocidad variable<\/strong><\/span><\/a> \u2013 Aqu\u00ed encontrar\u00e1 v\u00eddeos sobre c\u00f3mo cargar actualizaciones de software en la interfaz de usuario y las unidades exteriores. Tambi\u00e9n podr\u00e1 ver videos cortos sobre c\u00f3digos de falla. Y c\u00f3mo solucionar problemas de componentes dentro de sistemas de velocidad variable. Junto con manuales de servicio para sistemas de velocidad variable<\/p>\n<\/div><\/div>\n\n\n\n<div class=\"wp-block-media-text alignwide is-stacked-on-mobile is-image-fill\"><figure class=\"wp-block-media-text__media\" style=\"background-image:url(https:\/\/cesctechsupport.com\/wp-content\/uploads\/2022\/03\/SYSTXCCITC01-B_2_500x500.jpg);background-position:55.00000000000001% 33%\"><img loading=\"lazy\" decoding=\"async\" width=\"500\" height=\"500\" src=\"https:\/\/cesctechsupport.com\/wp-content\/uploads\/2022\/03\/SYSTXCCITC01-B_2_500x500.jpg\" alt=\"\" class=\"wp-image-488 size-full\" srcset=\"https:\/\/cesctechsupport.com\/wp-content\/uploads\/2022\/03\/SYSTXCCITC01-B_2_500x500.jpg 500w, https:\/\/cesctechsupport.com\/wp-content\/uploads\/2022\/03\/SYSTXCCITC01-B_2_500x500-300x300.jpg 300w, https:\/\/cesctechsupport.com\/wp-content\/uploads\/2022\/03\/SYSTXCCITC01-B_2_500x500-150x150.jpg 150w, https:\/\/cesctechsupport.com\/wp-content\/uploads\/2022\/03\/SYSTXCCITC01-B_2_500x500-100x100.jpg 100w\" sizes=\"auto, (max-width: 500px) 100vw, 500px\" \/><\/figure><div class=\"wp-block-media-text__content\">\n<p><strong><a href=\"https:\/\/cesctechsupport.com\/es\/user-interface\/\"><span class=\"has-inline-color has-vivid-red-color\">V\u00eddeo de la interfaz de usuario<\/span><\/a><\/strong><a href=\"https:\/\/cesctechsupport.com\/es\/commercial-hvac-videos\/\"><strong><span class=\"has-inline-color has-vivid-red-color\">s<\/span><\/strong><\/a> \u2013 Aqu\u00ed encontrar\u00e1 v\u00eddeos sobre c\u00f3mo utilizar la interfaz de usuario. Adem\u00e1s de c\u00f3mo descargar y actualizar el software en la interfaz de usuario.<\/p>\n<\/div><\/div>\n\n\n\n<div class=\"wp-block-media-text alignwide has-media-on-the-right is-stacked-on-mobile is-image-fill\"><figure class=\"wp-block-media-text__media\" style=\"background-image:url(https:\/\/cesctechsupport.com\/wp-content\/uploads\/2022\/03\/38MARB_1_500x500.jpg);background-position:50% 50%\"><a href=\"https:\/\/cesctechsupport.com\/es\/ductless-videos\/\"><img loading=\"lazy\" decoding=\"async\" width=\"500\" height=\"500\" src=\"https:\/\/cesctechsupport.com\/wp-content\/uploads\/2022\/03\/38MARB_1_500x500.jpg\" alt=\"\" class=\"wp-image-484 size-full\" srcset=\"https:\/\/cesctechsupport.com\/wp-content\/uploads\/2022\/03\/38MARB_1_500x500.jpg 500w, https:\/\/cesctechsupport.com\/wp-content\/uploads\/2022\/03\/38MARB_1_500x500-300x300.jpg 300w, https:\/\/cesctechsupport.com\/wp-content\/uploads\/2022\/03\/38MARB_1_500x500-150x150.jpg 150w, https:\/\/cesctechsupport.com\/wp-content\/uploads\/2022\/03\/38MARB_1_500x500-100x100.jpg 100w\" sizes=\"auto, (max-width: 500px) 100vw, 500px\" \/><\/a><\/figure><div class=\"wp-block-media-text__content\">\n<p><a href=\"https:\/\/cesctechsupport.com\/es\/ductless-videos\/\"><span class=\"has-inline-color has-vivid-red-color\"><strong>V\u00eddeos sin conductos<\/strong><\/span><\/a> \u2013 Aqu\u00ed puede encontrar videos sobre c\u00f3mo recuperar informaci\u00f3n de las pantallas de los sistemas sin ductos. Adem\u00e1s de c\u00f3mo ajustar la configuraci\u00f3n dentro de los sistemas sin ductos. Y videos sobre la resoluci\u00f3n de problemas de c\u00f3digos de falla del sistema sin ductos.<\/p>\n<\/div><\/div>\n\n\n\n<div class=\"wp-block-media-text alignwide is-stacked-on-mobile is-image-fill\"><figure class=\"wp-block-media-text__media\" style=\"background-image:url(https:\/\/cesctechsupport.com\/wp-content\/uploads\/2022\/03\/infinity_98-597x1024.jpg);background-position:61% 26%\"><a href=\"https:\/\/cesctechsupport.com\/es\/gas-furnace-videos\/\"><img loading=\"lazy\" decoding=\"async\" width=\"597\" height=\"1024\" src=\"https:\/\/cesctechsupport.com\/wp-content\/uploads\/2022\/03\/infinity_98-597x1024.jpg\" alt=\"\" class=\"wp-image-479 size-full\"\/><\/a><\/figure><div class=\"wp-block-media-text__content\">\n<p><a href=\"https:\/\/cesctechsupport.com\/es\/gas-furnace-videos\/\"><span class=\"has-inline-color has-vivid-red-color\"><strong>V\u00eddeos de hornos de gas<\/strong><\/span><\/a> \u2013 Aqu\u00ed encontrar\u00e1 videos sobre c\u00f3mo solucionar problemas de c\u00f3digos de falla y otros videos de servicio de calderas de gas.<\/p>\n<\/div><\/div>\n\n\n\n<div class=\"wp-block-media-text alignwide has-media-on-the-right is-stacked-on-mobile\"><figure class=\"wp-block-media-text__media\"><a href=\"https:\/\/cesctechsupport.com\/es\/commercial-hvac-videos\/\"><img loading=\"lazy\" decoding=\"async\" width=\"1024\" height=\"549\" src=\"https:\/\/cesctechsupport.com\/wp-content\/uploads\/2022\/03\/LCU-1024x549.jpg\" alt=\"\" class=\"wp-image-476 size-full\" srcset=\"https:\/\/cesctechsupport.com\/wp-content\/uploads\/2022\/03\/LCU-1024x549.jpg 1024w, https:\/\/cesctechsupport.com\/wp-content\/uploads\/2022\/03\/LCU-300x161.jpg 300w, https:\/\/cesctechsupport.com\/wp-content\/uploads\/2022\/03\/LCU-768x412.jpg 768w, https:\/\/cesctechsupport.com\/wp-content\/uploads\/2022\/03\/LCU-1536x824.jpg 1536w, https:\/\/cesctechsupport.com\/wp-content\/uploads\/2022\/03\/LCU-600x322.jpg 600w, https:\/\/cesctechsupport.com\/wp-content\/uploads\/2022\/03\/LCU.jpg 1600w\" sizes=\"auto, (max-width: 1024px) 100vw, 1024px\" \/><\/a><\/figure><div class=\"wp-block-media-text__content\">\n<p><a href=\"https:\/\/cesctechsupport.com\/es\/commercial-hvac-videos\/\"><span class=\"has-inline-color has-vivid-red-color\"><strong>V\u00eddeos Comerciales<\/strong><\/span><\/a> \u2013 V\u00eddeos sobre sistemas comerciales ligeros y manuales de recursos.<\/p>\n<\/div><\/div>\n\n\n\n<div class=\"wp-block-media-text alignwide is-stacked-on-mobile is-image-fill\"><figure class=\"wp-block-media-text__media\" style=\"background-image:url(https:\/\/cesctechsupport.com\/wp-content\/uploads\/2022\/03\/hvac-service-300x180-1.jpg);background-position:50% 50%\"><a href=\"https:\/\/cesctechsupport.com\/es\/general-hvac-videos\/\"><img decoding=\"async\" src=\"https:\/\/cesctechsupport.com\/wp-content\/uploads\/2022\/03\/hvac-service-300x180-1.jpg\" alt=\"\" class=\"wp-image-463 size-full\"\/><\/a><\/figure><div class=\"wp-block-media-text__content\">\n<p><a href=\"https:\/\/cesctechsupport.com\/es\/general-hvac-videos\/\"><span class=\"has-inline-color has-vivid-red-color\"><strong>V\u00eddeos generales de climatizaci\u00f3n<\/strong><\/span><\/a> \u2013 V\u00eddeos sobre principios b\u00e1sicos de HVAC y tareas utilizadas en la industria HVAC.<\/p>\n<\/div><\/div>\n\n\n\n<div class=\"wp-block-media-text alignwide has-media-on-the-right is-stacked-on-mobile is-image-fill\"><figure class=\"wp-block-media-text__media\" style=\"background-image:url(https:\/\/cesctechsupport.com\/wp-content\/uploads\/2022\/03\/225B_1_500x500.jpg);background-position:50% 50%\"><a href=\"https:\/\/cesctechsupport.com\/es\/commercial-hvac-videos\/\"><img loading=\"lazy\" decoding=\"async\" width=\"500\" height=\"500\" src=\"https:\/\/cesctechsupport.com\/wp-content\/uploads\/2022\/03\/225B_1_500x500.jpg\" alt=\"\" class=\"wp-image-486 size-full\" srcset=\"https:\/\/cesctechsupport.com\/wp-content\/uploads\/2022\/03\/225B_1_500x500.jpg 500w, https:\/\/cesctechsupport.com\/wp-content\/uploads\/2022\/03\/225B_1_500x500-300x300.jpg 300w, https:\/\/cesctechsupport.com\/wp-content\/uploads\/2022\/03\/225B_1_500x500-150x150.jpg 150w, https:\/\/cesctechsupport.com\/wp-content\/uploads\/2022\/03\/225B_1_500x500-100x100.jpg 100w\" sizes=\"auto, (max-width: 500px) 100vw, 500px\" \/><\/a><\/figure><div class=\"wp-block-media-text__content\">\n<p><a href=\"https:\/\/cesctechsupport.com\/es\/installation-videos\/\"><span class=\"has-inline-color has-vivid-red-color\"><strong>V\u00eddeos de instalaci\u00f3n<\/strong><\/span> <\/a>\u2013 V\u00eddeos sobre procedimientos de instalaci\u00f3n en calderas de gas residenciales y fan coils de CBP.<\/p>\n<\/div><\/div>","protected":false},"excerpt":{"rendered":"<p>Variable Speed System Videos &#8211; Here you will find videos on how to upload software updates to the User Interface and the Outdoor units. You will also be able to view short videos on fault codes. And how to troubleshoot components within Variable Speed systems. Along with Service Manuals for Variable Speed Systems User Interface [&hellip;]<\/p>\n","protected":false},"author":1,"featured_media":0,"parent":0,"menu_order":0,"comment_status":"closed","ping_status":"closed","template":"","meta":{"_coblocks_attr":"","_coblocks_dimensions":"","_coblocks_responsive_height":"","_coblocks_accordion_ie_support":"","_uag_custom_page_level_css":"","site-sidebar-layout":"default","site-content-layout":"","ast-site-content-layout":"default","site-content-style":"default","site-sidebar-style":"default","ast-global-header-display":"","ast-banner-title-visibility":"","ast-main-header-display":"","ast-hfb-above-header-display":"","ast-hfb-below-header-display":"","ast-hfb-mobile-header-display":"","site-post-title":"","ast-breadcrumbs-content":"","ast-featured-img":"","footer-sml-layout":"","ast-disable-related-posts":"","theme-transparent-header-meta":"","adv-header-id-meta":"","stick-header-meta":"","header-above-stick-meta":"","header-main-stick-meta":"","header-below-stick-meta":"","astra-migrate-meta-layouts":"default","ast-page-background-enabled":"default","ast-page-background-meta":{"desktop":{"background-color":"","background-image":"","background-repeat":"repeat","background-position":"center center","background-size":"auto","background-attachment":"scroll","background-type":"","background-media":"","overlay-type":"","overlay-color":"","overlay-opacity":"","overlay-gradient":""},"tablet":{"background-color":"","background-image":"","background-repeat":"repeat","background-position":"center center","background-size":"auto","background-attachment":"scroll","background-type":"","background-media":"","overlay-type":"","overlay-color":"","overlay-opacity":"","overlay-gradient":""},"mobile":{"background-color":"","background-image":"","background-repeat":"repeat","background-position":"center center","background-size":"auto","background-attachment":"scroll","background-type":"","background-media":"","overlay-type":"","overlay-color":"","overlay-opacity":"","overlay-gradient":""}},"ast-content-background-meta":{"desktop":{"background-color":"var(--ast-global-color-5)","background-image":"","background-repeat":"repeat","background-position":"center center","background-size":"auto","background-attachment":"scroll","background-type":"","background-media":"","overlay-type":"","overlay-color":"","overlay-opacity":"","overlay-gradient":""},"tablet":{"background-color":"var(--ast-global-color-5)","background-image":"","background-repeat":"repeat","background-position":"center center","background-size":"auto","background-attachment":"scroll","background-type":"","background-media":"","overlay-type":"","overlay-color":"","overlay-opacity":"","overlay-gradient":""},"mobile":{"background-color":"var(--ast-global-color-5)","background-image":"","background-repeat":"repeat","background-position":"center center","background-size":"auto","background-attachment":"scroll","background-type":"","background-media":"","overlay-type":"","overlay-color":"","overlay-opacity":"","overlay-gradient":""}},"footnotes":""},"class_list":["post-109","page","type-page","status-publish","hentry"],"uagb_featured_image_src":{"full":false,"thumbnail":false,"medium":false,"medium_large":false,"large":false,"1536x1536":false,"2048x2048":false,"trp-custom-language-flag":false},"uagb_author_info":{"display_name":"Josh Goodman","author_link":"https:\/\/cesctechsupport.com\/es\/author\/joshg\/"},"uagb_comment_info":0,"uagb_excerpt":"Variable Speed System Videos &#8211; Here you will find videos on how to upload software updates to the User Interface and the Outdoor units. You will also be able to view short videos on fault codes. And how to troubleshoot components within Variable Speed systems. Along with Service Manuals for Variable Speed Systems User Interface&hellip;","_links":{"self":[{"href":"https:\/\/cesctechsupport.com\/es\/wp-json\/wp\/v2\/pages\/109","targetHints":{"allow":["GET"]}}],"collection":[{"href":"https:\/\/cesctechsupport.com\/es\/wp-json\/wp\/v2\/pages"}],"about":[{"href":"https:\/\/cesctechsupport.com\/es\/wp-json\/wp\/v2\/types\/page"}],"author":[{"embeddable":true,"href":"https:\/\/cesctechsupport.com\/es\/wp-json\/wp\/v2\/users\/1"}],"replies":[{"embeddable":true,"href":"https:\/\/cesctechsupport.com\/es\/wp-json\/wp\/v2\/comments?post=109"}],"version-history":[{"count":0,"href":"https:\/\/cesctechsupport.com\/es\/wp-json\/wp\/v2\/pages\/109\/revisions"}],"wp:attachment":[{"href":"https:\/\/cesctechsupport.com\/es\/wp-json\/wp\/v2\/media?parent=109"}],"curies":[{"name":"wp","href":"https:\/\/api.w.org\/{rel}","templated":true}]}}